{"id":2134,"date":"2024-03-06T12:45:49","date_gmt":"2024-03-06T11:45:49","guid":{"rendered":"https:\/\/www.aloe-vera-produkte-kaufen.de\/gesundheit\/produkt\/family-multi-multivitamin-gummies\/"},"modified":"2024-03-06T12:46:09","modified_gmt":"2024-03-06T11:46:09","slug":"family-multi-multivitamin-gummies","status":"publish","type":"product","link":"https:\/\/www.aloe-vera-produkte-kaufen.de\/gesundheit\/produkt\/family-multi-multivitamin-gummies\/","title":{"rendered":"Family Multi Multivitamin Gummies"},"content":{"rendered":"<p>Vitamine nehmen wird endlich zum Kinderspiel! Die Family Multi Multivitamin Gummies enthalten 14 Vitamine und Mineralstoffe und sind f\u00fcr Kinder ab 4 Jahren geeignet. Die leckeren Gummies mit Orangen-, Kirsch- und Trauben-Geschmack sind einfach zu kauen und erg\u00e4nzen die gesunde Lebensweise der ganzen Familie mit dem Extra an wichtigen N\u00e4hrstoffen.Die fruchtigen Gummib\u00e4rchen enthalten Vitamin A, Vitamin C, Vitamin D3, Vitamin B12 und B6 sowie Fols\u00e4ure und Zink, die bei Erwachsenen zu einem normalen Immunsystem beitragen. Vitamin D unterst\u00fctzt ein gesundes Wachstum und sorgt f\u00fcr eine gesunde Entwicklung der Knochen der Kids. On top enthalten die Family Multi Multivitamin Gummies das nat\u00fcrliche Plus aus 26 Obst- und Gem\u00fcsesorten. Vitamine f\u00fcr die ganze Familie leicht gemacht!- 60 Gummies mit Orangen-, Trauben- und Kirsch-Geschmack- Multivitamin mit 14 N\u00e4hrstoffen- Vitamine f\u00fcr die ganze Familie, geeignet f\u00fcr Kinder ab 4 Jahren- vegetarisch und frei von Gelatine, Gluten und Laktose\u00b9Vitamin C und Zink tragen zu einer normalen Funktion des Immunsystems bei Erwachsenen bei\u00b2Vitamin B6 &#038; B12 tragen zu einem normalen Energiestoffwechsel und zur Verringerung von M\u00fcdigkeit und Erm\u00fcdung bei Erwachsenen bei\u00b3Vitamin A tr\u00e4gt zur Erhaltung der normalen Sehkraft bei Erwachsenen bei\u2074Vitamin D tr\u00e4gt zu normalem Wachstum und normaler Knochenentwicklung von Kindern bei<\/p>\n<p>EUR23.90<\/p>\n<p>&nbsp;<\/p>\n<p>&nbsp;<\/p>\n","protected":false},"excerpt":{"rendered":"<p>Vitamine nehmen wird endlich zum Kinderspiel! Die Family Multi Multivitamin Gummies enthalten 14 Vitamine und Mineralstoffe und sind f\u00fcr Kinder ab 4 Jahren geeignet. Die leckeren Gummies mit Orangen-, Kirsch- und Trauben-Geschmack sind einfach zu kauen und erg\u00e4nzen die gesunde Lebensweise der ganzen Familie mit dem Extra an wichtigen N\u00e4hrstoffen.Die fruchtigen Gummib\u00e4rchen enthalten Vitamin A, [&hellip;]<\/p>\n","protected":false},"featured_media":2413,"comment_status":"closed","ping_status":"open","template":"","meta":{"site-sidebar-layout":"default","site-content-layout":"","ast-site-content-layout":"","site-content-style":"default","site-sidebar-style":"default","ast-global-header-display":"","ast-banner-title-visibility":"","ast-main-header-display":"","ast-hfb-above-header-display":"","ast-hfb-below-header-display":"","ast-hfb-mobile-header-display":"","site-post-title":"","ast-breadcrumbs-content":"","ast-featured-img":"","footer-sml-layout":"","theme-transparent-header-meta":"","adv-header-id-meta":"","stick-header-meta":"","header-above-stick-meta":"","header-main-stick-meta":"","header-below-stick-meta":"","astra-migrate-meta-layouts":"default","ast-page-background-enabled":"default","ast-page-background-meta":{"desktop":{"background-color":"var(--ast-global-color-4)","background-image":"","background-repeat":"repeat","background-position":"center center","background-size":"auto","background-attachment":"scroll","background-type":"","background-media":"","overlay-type":"","overlay-color":"","overlay-opacity":"","overlay-gradient":""},"tablet":{"background-color":"","background-image":"","background-repeat":"repeat","background-position":"center center","background-size":"auto","background-attachment":"scroll","background-type":"","background-media":"","overlay-type":"","overlay-color":"","overlay-opacity":"","overlay-gradient":""},"mobile":{"background-color":"","background-image":"","background-repeat":"repeat","background-position":"center center","background-size":"auto","background-attachment":"scroll","background-type":"","background-media":"","overlay-type":"","overlay-color":"","overlay-opacity":"","overlay-gradient":""}},"ast-content-background-meta":{"desktop":{"background-color":"var(--ast-global-color-5)","background-image":"","background-repeat":"repeat","background-position":"center center","background-size":"auto","background-attachment":"scroll","background-type":"","background-media":"","overlay-type":"","overlay-color":"","overlay-opacity":"","overlay-gradient":""},"tablet":{"background-color":"var(--ast-global-color-5)","background-image":"","background-repeat":"repeat","background-position":"center center","background-size":"auto","background-attachment":"scroll","background-type":"","background-media":"","overlay-type":"","overlay-color":"","overlay-opacity":"","overlay-gradient":""},"mobile":{"background-color":"var(--ast-global-color-5)","background-image":"","background-repeat":"repeat","background-position":"center center","background-size":"auto","background-attachment":"scroll","background-type":"","background-media":"","overlay-type":"","overlay-color":"","overlay-opacity":"","overlay-gradient":""}}},"product_brand":[],"product_cat":[86],"product_tag":[],"class_list":{"0":"post-2134","1":"product","2":"type-product","3":"status-publish","4":"has-post-thumbnail","6":"product_cat-nutrition","7":"desktop-align-left","8":"tablet-align-left","9":"mobile-align-left","11":"first","12":"instock","13":"product-type-external"},"yoast_head":"<!-- This site is optimized with the Yoast SEO plugin v24.7 - https:\/\/yoast.com\/wordpress\/plugins\/seo\/ -->\n<title>Family Multi Multivitamin Gummies &#060;<\/title>\n<meta name=\"robots\" content=\"index, follow, max-snippet:-1, max-image-preview:large, max-video-preview:-1\" \/>\n<link rel=\"canonical\" href=\"https:\/\/www.aloe-vera-produkte-kaufen.de\/gesundheit\/produkt\/family-multi-multivitamin-gummies\/\" \/>\n<meta property=\"og:locale\" content=\"de_DE\" \/>\n<meta property=\"og:type\" content=\"article\" \/>\n<meta property=\"og:title\" content=\"Family Multi Multivitamin Gummies &#060;\" \/>\n<meta property=\"og:description\" content=\"Vitamine nehmen wird endlich zum Kinderspiel! Die Family Multi Multivitamin Gummies enthalten 14 Vitamine und Mineralstoffe und sind f\u00fcr Kinder ab 4 Jahren geeignet. Die leckeren Gummies mit Orangen-, Kirsch- und Trauben-Geschmack sind einfach zu kauen und erg\u00e4nzen die gesunde Lebensweise der ganzen Familie mit dem Extra an wichtigen N\u00e4hrstoffen.Die fruchtigen Gummib\u00e4rchen enthalten Vitamin A, [&hellip;]\" \/>\n<meta property=\"og:url\" content=\"https:\/\/www.aloe-vera-produkte-kaufen.de\/gesundheit\/produkt\/family-multi-multivitamin-gummies\/\" \/>\n<meta property=\"article:modified_time\" content=\"2024-03-06T11:46:09+00:00\" \/>\n<meta property=\"og:image\" content=\"https:\/\/www.aloe-vera-produkte-kaufen.de\/gesundheit\/wp-content\/uploads\/2024\/03\/family-multi-gummies-natures-way.jpg\" \/>\n\t<meta property=\"og:image:width\" content=\"2048\" \/>\n\t<meta property=\"og:image:height\" content=\"2048\" \/>\n\t<meta property=\"og:image:type\" content=\"image\/jpeg\" \/>\n<meta name=\"twitter:card\" content=\"summary_large_image\" \/>\n<meta name=\"twitter:label1\" content=\"Gesch\u00e4tzte Lesezeit\" \/>\n\t<meta name=\"twitter:data1\" content=\"1\u00a0Minute\" \/>\n<script type=\"application\/ld+json\" class=\"yoast-schema-graph\">{\"@context\":\"https:\/\/schema.org\",\"@graph\":[{\"@type\":\"WebPage\",\"@id\":\"https:\/\/www.aloe-vera-produkte-kaufen.de\/gesundheit\/produkt\/family-multi-multivitamin-gummies\/\",\"url\":\"https:\/\/www.aloe-vera-produkte-kaufen.de\/gesundheit\/produkt\/family-multi-multivitamin-gummies\/\",\"name\":\"Family Multi Multivitamin Gummies &#060;\",\"isPartOf\":{\"@id\":\"https:\/\/www.aloe-vera-produkte-kaufen.de\/gesundheit\/#website\"},\"primaryImageOfPage\":{\"@id\":\"https:\/\/www.aloe-vera-produkte-kaufen.de\/gesundheit\/produkt\/family-multi-multivitamin-gummies\/#primaryimage\"},\"image\":{\"@id\":\"https:\/\/www.aloe-vera-produkte-kaufen.de\/gesundheit\/produkt\/family-multi-multivitamin-gummies\/#primaryimage\"},\"thumbnailUrl\":\"https:\/\/www.aloe-vera-produkte-kaufen.de\/gesundheit\/wp-content\/uploads\/2024\/03\/family-multi-gummies-natures-way.jpg\",\"datePublished\":\"2024-03-06T11:45:49+00:00\",\"dateModified\":\"2024-03-06T11:46:09+00:00\",\"breadcrumb\":{\"@id\":\"https:\/\/www.aloe-vera-produkte-kaufen.de\/gesundheit\/produkt\/family-multi-multivitamin-gummies\/#breadcrumb\"},\"inLanguage\":\"de\",\"potentialAction\":[{\"@type\":\"ReadAction\",\"target\":[\"https:\/\/www.aloe-vera-produkte-kaufen.de\/gesundheit\/produkt\/family-multi-multivitamin-gummies\/\"]}]},{\"@type\":\"ImageObject\",\"inLanguage\":\"de\",\"@id\":\"https:\/\/www.aloe-vera-produkte-kaufen.de\/gesundheit\/produkt\/family-multi-multivitamin-gummies\/#primaryimage\",\"url\":\"https:\/\/www.aloe-vera-produkte-kaufen.de\/gesundheit\/wp-content\/uploads\/2024\/03\/family-multi-gummies-natures-way.jpg\",\"contentUrl\":\"https:\/\/www.aloe-vera-produkte-kaufen.de\/gesundheit\/wp-content\/uploads\/2024\/03\/family-multi-gummies-natures-way.jpg\",\"width\":2048,\"height\":2048},{\"@type\":\"BreadcrumbList\",\"@id\":\"https:\/\/www.aloe-vera-produkte-kaufen.de\/gesundheit\/produkt\/family-multi-multivitamin-gummies\/#breadcrumb\",\"itemListElement\":[{\"@type\":\"ListItem\",\"position\":1,\"name\":\"Startseite\",\"item\":\"https:\/\/www.aloe-vera-produkte-kaufen.de\/gesundheit\/\"},{\"@type\":\"ListItem\",\"position\":2,\"name\":\"Shop\",\"item\":\"https:\/\/www.aloe-vera-produkte-kaufen.de\/gesundheit\/shop-2\/\"},{\"@type\":\"ListItem\",\"position\":3,\"name\":\"Family Multi Multivitamin Gummies\"}]},{\"@type\":\"WebSite\",\"@id\":\"https:\/\/www.aloe-vera-produkte-kaufen.de\/gesundheit\/#website\",\"url\":\"https:\/\/www.aloe-vera-produkte-kaufen.de\/gesundheit\/\",\"name\":\"\",\"description\":\"\",\"potentialAction\":[{\"@type\":\"SearchAction\",\"target\":{\"@type\":\"EntryPoint\",\"urlTemplate\":\"https:\/\/www.aloe-vera-produkte-kaufen.de\/gesundheit\/?s={search_term_string}\"},\"query-input\":{\"@type\":\"PropertyValueSpecification\",\"valueRequired\":true,\"valueName\":\"search_term_string\"}}],\"inLanguage\":\"de\"}]}<\/script>\n<!-- \/ Yoast SEO plugin. -->","yoast_head_json":{"title":"Family Multi Multivitamin Gummies &#060;","robots":{"index":"index","follow":"follow","max-snippet":"max-snippet:-1","max-image-preview":"max-image-preview:large","max-video-preview":"max-video-preview:-1"},"canonical":"https:\/\/www.aloe-vera-produkte-kaufen.de\/gesundheit\/produkt\/family-multi-multivitamin-gummies\/","og_locale":"de_DE","og_type":"article","og_title":"Family Multi Multivitamin Gummies &#060;","og_description":"Vitamine nehmen wird endlich zum Kinderspiel! Die Family Multi Multivitamin Gummies enthalten 14 Vitamine und Mineralstoffe und sind f\u00fcr Kinder ab 4 Jahren geeignet. Die leckeren Gummies mit Orangen-, Kirsch- und Trauben-Geschmack sind einfach zu kauen und erg\u00e4nzen die gesunde Lebensweise der ganzen Familie mit dem Extra an wichtigen N\u00e4hrstoffen.Die fruchtigen Gummib\u00e4rchen enthalten Vitamin A, [&hellip;]","og_url":"https:\/\/www.aloe-vera-produkte-kaufen.de\/gesundheit\/produkt\/family-multi-multivitamin-gummies\/","article_modified_time":"2024-03-06T11:46:09+00:00","og_image":[{"width":2048,"height":2048,"url":"https:\/\/www.aloe-vera-produkte-kaufen.de\/gesundheit\/wp-content\/uploads\/2024\/03\/family-multi-gummies-natures-way.jpg","type":"image\/jpeg"}],"twitter_card":"summary_large_image","twitter_misc":{"Gesch\u00e4tzte Lesezeit":"1\u00a0Minute"},"schema":{"@context":"https:\/\/schema.org","@graph":[{"@type":"WebPage","@id":"https:\/\/www.aloe-vera-produkte-kaufen.de\/gesundheit\/produkt\/family-multi-multivitamin-gummies\/","url":"https:\/\/www.aloe-vera-produkte-kaufen.de\/gesundheit\/produkt\/family-multi-multivitamin-gummies\/","name":"Family Multi Multivitamin Gummies &#060;","isPartOf":{"@id":"https:\/\/www.aloe-vera-produkte-kaufen.de\/gesundheit\/#website"},"primaryImageOfPage":{"@id":"https:\/\/www.aloe-vera-produkte-kaufen.de\/gesundheit\/produkt\/family-multi-multivitamin-gummies\/#primaryimage"},"image":{"@id":"https:\/\/www.aloe-vera-produkte-kaufen.de\/gesundheit\/produkt\/family-multi-multivitamin-gummies\/#primaryimage"},"thumbnailUrl":"https:\/\/www.aloe-vera-produkte-kaufen.de\/gesundheit\/wp-content\/uploads\/2024\/03\/family-multi-gummies-natures-way.jpg","datePublished":"2024-03-06T11:45:49+00:00","dateModified":"2024-03-06T11:46:09+00:00","breadcrumb":{"@id":"https:\/\/www.aloe-vera-produkte-kaufen.de\/gesundheit\/produkt\/family-multi-multivitamin-gummies\/#breadcrumb"},"inLanguage":"de","potentialAction":[{"@type":"ReadAction","target":["https:\/\/www.aloe-vera-produkte-kaufen.de\/gesundheit\/produkt\/family-multi-multivitamin-gummies\/"]}]},{"@type":"ImageObject","inLanguage":"de","@id":"https:\/\/www.aloe-vera-produkte-kaufen.de\/gesundheit\/produkt\/family-multi-multivitamin-gummies\/#primaryimage","url":"https:\/\/www.aloe-vera-produkte-kaufen.de\/gesundheit\/wp-content\/uploads\/2024\/03\/family-multi-gummies-natures-way.jpg","contentUrl":"https:\/\/www.aloe-vera-produkte-kaufen.de\/gesundheit\/wp-content\/uploads\/2024\/03\/family-multi-gummies-natures-way.jpg","width":2048,"height":2048},{"@type":"BreadcrumbList","@id":"https:\/\/www.aloe-vera-produkte-kaufen.de\/gesundheit\/produkt\/family-multi-multivitamin-gummies\/#breadcrumb","itemListElement":[{"@type":"ListItem","position":1,"name":"Startseite","item":"https:\/\/www.aloe-vera-produkte-kaufen.de\/gesundheit\/"},{"@type":"ListItem","position":2,"name":"Shop","item":"https:\/\/www.aloe-vera-produkte-kaufen.de\/gesundheit\/shop-2\/"},{"@type":"ListItem","position":3,"name":"Family Multi Multivitamin Gummies"}]},{"@type":"WebSite","@id":"https:\/\/www.aloe-vera-produkte-kaufen.de\/gesundheit\/#website","url":"https:\/\/www.aloe-vera-produkte-kaufen.de\/gesundheit\/","name":"","description":"","potentialAction":[{"@type":"SearchAction","target":{"@type":"EntryPoint","urlTemplate":"https:\/\/www.aloe-vera-produkte-kaufen.de\/gesundheit\/?s={search_term_string}"},"query-input":{"@type":"PropertyValueSpecification","valueRequired":true,"valueName":"search_term_string"}}],"inLanguage":"de"}]}},"_links":{"self":[{"href":"https:\/\/www.aloe-vera-produkte-kaufen.de\/gesundheit\/wp-json\/wp\/v2\/product\/2134","targetHints":{"allow":["GET"]}}],"collection":[{"href":"https:\/\/www.aloe-vera-produkte-kaufen.de\/gesundheit\/wp-json\/wp\/v2\/product"}],"about":[{"href":"https:\/\/www.aloe-vera-produkte-kaufen.de\/gesundheit\/wp-json\/wp\/v2\/types\/product"}],"replies":[{"embeddable":true,"href":"https:\/\/www.aloe-vera-produkte-kaufen.de\/gesundheit\/wp-json\/wp\/v2\/comments?post=2134"}],"wp:featuredmedia":[{"embeddable":true,"href":"https:\/\/www.aloe-vera-produkte-kaufen.de\/gesundheit\/wp-json\/wp\/v2\/media\/2413"}],"wp:attachment":[{"href":"https:\/\/www.aloe-vera-produkte-kaufen.de\/gesundheit\/wp-json\/wp\/v2\/media?parent=2134"}],"wp:term":[{"taxonomy":"product_brand","embeddable":true,"href":"https:\/\/www.aloe-vera-produkte-kaufen.de\/gesundheit\/wp-json\/wp\/v2\/product_brand?post=2134"},{"taxonomy":"product_cat","embeddable":true,"href":"https:\/\/www.aloe-vera-produkte-kaufen.de\/gesundheit\/wp-json\/wp\/v2\/product_cat?post=2134"},{"taxonomy":"product_tag","embeddable":true,"href":"https:\/\/www.aloe-vera-produkte-kaufen.de\/gesundheit\/wp-json\/wp\/v2\/product_tag?post=2134"}],"curies":[{"name":"wp","href":"https:\/\/api.w.org\/{rel}","templated":true}]}}