{"id":2084,"date":"2024-03-06T12:45:24","date_gmt":"2024-03-06T11:45:24","guid":{"rendered":"https:\/\/www.aloe-vera-produkte-kaufen.de\/gesundheit\/produkt\/quercetin-gummies-3\/"},"modified":"2024-03-06T12:45:39","modified_gmt":"2024-03-06T11:45:39","slug":"quercetin-gummies-3","status":"publish","type":"product","link":"https:\/\/www.aloe-vera-produkte-kaufen.de\/gesundheit\/produkt\/quercetin-gummies-3\/","title":{"rendered":"Quercetin Gummies"},"content":{"rendered":"<p>Die leckeren, frech-gr\u00fcnen Quercetin Zink Gummies haben es in sich: sie schmecken nicht nur k\u00f6stlich nach Zitrone, sondern enthalten ebenso Zink in der Form von Zinkcitrat. Das Quercetin f\u00fcr das Quercetin Supplement als Gummies wird aus dem Bl\u00fctenextrakt des japanischen Schnurbaums gewonnen und ist reich an Polyphenolen (Flavonoiden). Zwei Gummies pro Tag decken mit 11 mg bereits deinen Tagesbedarf am Spurenelement Zink, das zur normalen Funktion des Immunsystem beitr\u00e4gt.\u00b9- 60 Gummies mit Zitronen-Geschmack- Quercetin Supplement als Gummies- mit nat\u00fcrlichem, flavonoidreichem Quercetin- plus Zink f\u00fcr das Immunsystem\u00b9- vegetarisch und frei von Gelatine, Gluten und Laktose\u00b9Zink tr\u00e4gt zu einer normalen Funktion des Immunsystems bei<\/p>\n<p>EUR95.52<\/p>\n<p>&nbsp;<\/p>\n<p>&nbsp;<\/p>\n","protected":false},"excerpt":{"rendered":"<p>Die leckeren, frech-gr\u00fcnen Quercetin Zink Gummies haben es in sich: sie schmecken nicht nur k\u00f6stlich nach Zitrone, sondern enthalten ebenso Zink in der Form von Zinkcitrat. Das Quercetin f\u00fcr das Quercetin Supplement als Gummies wird aus dem Bl\u00fctenextrakt des japanischen Schnurbaums gewonnen und ist reich an Polyphenolen (Flavonoiden). Zwei Gummies pro Tag decken mit 11 [&hellip;]<\/p>\n","protected":false},"featured_media":2388,"comment_status":"closed","ping_status":"open","template":"","meta":{"site-sidebar-layout":"default","site-content-layout":"","ast-site-content-layout":"","site-content-style":"default","site-sidebar-style":"default","ast-global-header-display":"","ast-banner-title-visibility":"","ast-main-header-display":"","ast-hfb-above-header-display":"","ast-hfb-below-header-display":"","ast-hfb-mobile-header-display":"","site-post-title":"","ast-breadcrumbs-content":"","ast-featured-img":"","footer-sml-layout":"","theme-transparent-header-meta":"","adv-header-id-meta":"","stick-header-meta":"","header-above-stick-meta":"","header-main-stick-meta":"","header-below-stick-meta":"","astra-migrate-meta-layouts":"default","ast-page-background-enabled":"default","ast-page-background-meta":{"desktop":{"background-color":"var(--ast-global-color-4)","background-image":"","background-repeat":"repeat","background-position":"center center","background-size":"auto","background-attachment":"scroll","background-type":"","background-media":"","overlay-type":"","overlay-color":"","overlay-opacity":"","overlay-gradient":""},"tablet":{"background-color":"","background-image":"","background-repeat":"repeat","background-position":"center center","background-size":"auto","background-attachment":"scroll","background-type":"","background-media":"","overlay-type":"","overlay-color":"","overlay-opacity":"","overlay-gradient":""},"mobile":{"background-color":"","background-image":"","background-repeat":"repeat","background-position":"center center","background-size":"auto","background-attachment":"scroll","background-type":"","background-media":"","overlay-type":"","overlay-color":"","overlay-opacity":"","overlay-gradient":""}},"ast-content-background-meta":{"desktop":{"background-color":"var(--ast-global-color-5)","background-image":"","background-repeat":"repeat","background-position":"center center","background-size":"auto","background-attachment":"scroll","background-type":"","background-media":"","overlay-type":"","overlay-color":"","overlay-opacity":"","overlay-gradient":""},"tablet":{"background-color":"var(--ast-global-color-5)","background-image":"","background-repeat":"repeat","background-position":"center center","background-size":"auto","background-attachment":"scroll","background-type":"","background-media":"","overlay-type":"","overlay-color":"","overlay-opacity":"","overlay-gradient":""},"mobile":{"background-color":"var(--ast-global-color-5)","background-image":"","background-repeat":"repeat","background-position":"center center","background-size":"auto","background-attachment":"scroll","background-type":"","background-media":"","overlay-type":"","overlay-color":"","overlay-opacity":"","overlay-gradient":""}}},"product_brand":[],"product_cat":[86],"product_tag":[],"class_list":{"0":"post-2084","1":"product","2":"type-product","3":"status-publish","4":"has-post-thumbnail","6":"product_cat-nutrition","7":"desktop-align-left","8":"tablet-align-left","9":"mobile-align-left","11":"first","12":"instock","13":"product-type-external"},"yoast_head":"<!-- This site is optimized with the Yoast SEO plugin v24.7 - https:\/\/yoast.com\/wordpress\/plugins\/seo\/ -->\n<title>Quercetin Gummies &#060;<\/title>\n<meta name=\"robots\" content=\"index, follow, max-snippet:-1, max-image-preview:large, max-video-preview:-1\" \/>\n<link rel=\"canonical\" href=\"https:\/\/www.aloe-vera-produkte-kaufen.de\/gesundheit\/produkt\/quercetin-gummies-3\/\" \/>\n<meta property=\"og:locale\" content=\"de_DE\" \/>\n<meta property=\"og:type\" content=\"article\" \/>\n<meta property=\"og:title\" content=\"Quercetin Gummies &#060;\" \/>\n<meta property=\"og:description\" content=\"Die leckeren, frech-gr\u00fcnen Quercetin Zink Gummies haben es in sich: sie schmecken nicht nur k\u00f6stlich nach Zitrone, sondern enthalten ebenso Zink in der Form von Zinkcitrat. Das Quercetin f\u00fcr das Quercetin Supplement als Gummies wird aus dem Bl\u00fctenextrakt des japanischen Schnurbaums gewonnen und ist reich an Polyphenolen (Flavonoiden). Zwei Gummies pro Tag decken mit 11 [&hellip;]\" \/>\n<meta property=\"og:url\" content=\"https:\/\/www.aloe-vera-produkte-kaufen.de\/gesundheit\/produkt\/quercetin-gummies-3\/\" \/>\n<meta property=\"article:modified_time\" content=\"2024-03-06T11:45:39+00:00\" \/>\n<meta property=\"og:image\" content=\"https:\/\/www.aloe-vera-produkte-kaufen.de\/gesundheit\/wp-content\/uploads\/2024\/03\/6er-set-quercetin-zink-gummies-natures-way.jpg\" \/>\n\t<meta property=\"og:image:width\" content=\"2048\" \/>\n\t<meta property=\"og:image:height\" content=\"2048\" \/>\n\t<meta property=\"og:image:type\" content=\"image\/jpeg\" \/>\n<meta name=\"twitter:card\" content=\"summary_large_image\" \/>\n<meta name=\"twitter:label1\" content=\"Gesch\u00e4tzte Lesezeit\" \/>\n\t<meta name=\"twitter:data1\" content=\"1\u00a0Minute\" \/>\n<script type=\"application\/ld+json\" class=\"yoast-schema-graph\">{\"@context\":\"https:\/\/schema.org\",\"@graph\":[{\"@type\":\"WebPage\",\"@id\":\"https:\/\/www.aloe-vera-produkte-kaufen.de\/gesundheit\/produkt\/quercetin-gummies-3\/\",\"url\":\"https:\/\/www.aloe-vera-produkte-kaufen.de\/gesundheit\/produkt\/quercetin-gummies-3\/\",\"name\":\"Quercetin Gummies &#060;\",\"isPartOf\":{\"@id\":\"https:\/\/www.aloe-vera-produkte-kaufen.de\/gesundheit\/#website\"},\"primaryImageOfPage\":{\"@id\":\"https:\/\/www.aloe-vera-produkte-kaufen.de\/gesundheit\/produkt\/quercetin-gummies-3\/#primaryimage\"},\"image\":{\"@id\":\"https:\/\/www.aloe-vera-produkte-kaufen.de\/gesundheit\/produkt\/quercetin-gummies-3\/#primaryimage\"},\"thumbnailUrl\":\"https:\/\/www.aloe-vera-produkte-kaufen.de\/gesundheit\/wp-content\/uploads\/2024\/03\/6er-set-quercetin-zink-gummies-natures-way.jpg\",\"datePublished\":\"2024-03-06T11:45:24+00:00\",\"dateModified\":\"2024-03-06T11:45:39+00:00\",\"breadcrumb\":{\"@id\":\"https:\/\/www.aloe-vera-produkte-kaufen.de\/gesundheit\/produkt\/quercetin-gummies-3\/#breadcrumb\"},\"inLanguage\":\"de\",\"potentialAction\":[{\"@type\":\"ReadAction\",\"target\":[\"https:\/\/www.aloe-vera-produkte-kaufen.de\/gesundheit\/produkt\/quercetin-gummies-3\/\"]}]},{\"@type\":\"ImageObject\",\"inLanguage\":\"de\",\"@id\":\"https:\/\/www.aloe-vera-produkte-kaufen.de\/gesundheit\/produkt\/quercetin-gummies-3\/#primaryimage\",\"url\":\"https:\/\/www.aloe-vera-produkte-kaufen.de\/gesundheit\/wp-content\/uploads\/2024\/03\/6er-set-quercetin-zink-gummies-natures-way.jpg\",\"contentUrl\":\"https:\/\/www.aloe-vera-produkte-kaufen.de\/gesundheit\/wp-content\/uploads\/2024\/03\/6er-set-quercetin-zink-gummies-natures-way.jpg\",\"width\":2048,\"height\":2048},{\"@type\":\"BreadcrumbList\",\"@id\":\"https:\/\/www.aloe-vera-produkte-kaufen.de\/gesundheit\/produkt\/quercetin-gummies-3\/#breadcrumb\",\"itemListElement\":[{\"@type\":\"ListItem\",\"position\":1,\"name\":\"Startseite\",\"item\":\"https:\/\/www.aloe-vera-produkte-kaufen.de\/gesundheit\/\"},{\"@type\":\"ListItem\",\"position\":2,\"name\":\"Shop\",\"item\":\"https:\/\/www.aloe-vera-produkte-kaufen.de\/gesundheit\/shop-2\/\"},{\"@type\":\"ListItem\",\"position\":3,\"name\":\"Quercetin Gummies\"}]},{\"@type\":\"WebSite\",\"@id\":\"https:\/\/www.aloe-vera-produkte-kaufen.de\/gesundheit\/#website\",\"url\":\"https:\/\/www.aloe-vera-produkte-kaufen.de\/gesundheit\/\",\"name\":\"\",\"description\":\"\",\"potentialAction\":[{\"@type\":\"SearchAction\",\"target\":{\"@type\":\"EntryPoint\",\"urlTemplate\":\"https:\/\/www.aloe-vera-produkte-kaufen.de\/gesundheit\/?s={search_term_string}\"},\"query-input\":{\"@type\":\"PropertyValueSpecification\",\"valueRequired\":true,\"valueName\":\"search_term_string\"}}],\"inLanguage\":\"de\"}]}<\/script>\n<!-- \/ Yoast SEO plugin. -->","yoast_head_json":{"title":"Quercetin Gummies &#060;","robots":{"index":"index","follow":"follow","max-snippet":"max-snippet:-1","max-image-preview":"max-image-preview:large","max-video-preview":"max-video-preview:-1"},"canonical":"https:\/\/www.aloe-vera-produkte-kaufen.de\/gesundheit\/produkt\/quercetin-gummies-3\/","og_locale":"de_DE","og_type":"article","og_title":"Quercetin Gummies &#060;","og_description":"Die leckeren, frech-gr\u00fcnen Quercetin Zink Gummies haben es in sich: sie schmecken nicht nur k\u00f6stlich nach Zitrone, sondern enthalten ebenso Zink in der Form von Zinkcitrat. Das Quercetin f\u00fcr das Quercetin Supplement als Gummies wird aus dem Bl\u00fctenextrakt des japanischen Schnurbaums gewonnen und ist reich an Polyphenolen (Flavonoiden). Zwei Gummies pro Tag decken mit 11 [&hellip;]","og_url":"https:\/\/www.aloe-vera-produkte-kaufen.de\/gesundheit\/produkt\/quercetin-gummies-3\/","article_modified_time":"2024-03-06T11:45:39+00:00","og_image":[{"width":2048,"height":2048,"url":"https:\/\/www.aloe-vera-produkte-kaufen.de\/gesundheit\/wp-content\/uploads\/2024\/03\/6er-set-quercetin-zink-gummies-natures-way.jpg","type":"image\/jpeg"}],"twitter_card":"summary_large_image","twitter_misc":{"Gesch\u00e4tzte Lesezeit":"1\u00a0Minute"},"schema":{"@context":"https:\/\/schema.org","@graph":[{"@type":"WebPage","@id":"https:\/\/www.aloe-vera-produkte-kaufen.de\/gesundheit\/produkt\/quercetin-gummies-3\/","url":"https:\/\/www.aloe-vera-produkte-kaufen.de\/gesundheit\/produkt\/quercetin-gummies-3\/","name":"Quercetin Gummies &#060;","isPartOf":{"@id":"https:\/\/www.aloe-vera-produkte-kaufen.de\/gesundheit\/#website"},"primaryImageOfPage":{"@id":"https:\/\/www.aloe-vera-produkte-kaufen.de\/gesundheit\/produkt\/quercetin-gummies-3\/#primaryimage"},"image":{"@id":"https:\/\/www.aloe-vera-produkte-kaufen.de\/gesundheit\/produkt\/quercetin-gummies-3\/#primaryimage"},"thumbnailUrl":"https:\/\/www.aloe-vera-produkte-kaufen.de\/gesundheit\/wp-content\/uploads\/2024\/03\/6er-set-quercetin-zink-gummies-natures-way.jpg","datePublished":"2024-03-06T11:45:24+00:00","dateModified":"2024-03-06T11:45:39+00:00","breadcrumb":{"@id":"https:\/\/www.aloe-vera-produkte-kaufen.de\/gesundheit\/produkt\/quercetin-gummies-3\/#breadcrumb"},"inLanguage":"de","potentialAction":[{"@type":"ReadAction","target":["https:\/\/www.aloe-vera-produkte-kaufen.de\/gesundheit\/produkt\/quercetin-gummies-3\/"]}]},{"@type":"ImageObject","inLanguage":"de","@id":"https:\/\/www.aloe-vera-produkte-kaufen.de\/gesundheit\/produkt\/quercetin-gummies-3\/#primaryimage","url":"https:\/\/www.aloe-vera-produkte-kaufen.de\/gesundheit\/wp-content\/uploads\/2024\/03\/6er-set-quercetin-zink-gummies-natures-way.jpg","contentUrl":"https:\/\/www.aloe-vera-produkte-kaufen.de\/gesundheit\/wp-content\/uploads\/2024\/03\/6er-set-quercetin-zink-gummies-natures-way.jpg","width":2048,"height":2048},{"@type":"BreadcrumbList","@id":"https:\/\/www.aloe-vera-produkte-kaufen.de\/gesundheit\/produkt\/quercetin-gummies-3\/#breadcrumb","itemListElement":[{"@type":"ListItem","position":1,"name":"Startseite","item":"https:\/\/www.aloe-vera-produkte-kaufen.de\/gesundheit\/"},{"@type":"ListItem","position":2,"name":"Shop","item":"https:\/\/www.aloe-vera-produkte-kaufen.de\/gesundheit\/shop-2\/"},{"@type":"ListItem","position":3,"name":"Quercetin Gummies"}]},{"@type":"WebSite","@id":"https:\/\/www.aloe-vera-produkte-kaufen.de\/gesundheit\/#website","url":"https:\/\/www.aloe-vera-produkte-kaufen.de\/gesundheit\/","name":"","description":"","potentialAction":[{"@type":"SearchAction","target":{"@type":"EntryPoint","urlTemplate":"https:\/\/www.aloe-vera-produkte-kaufen.de\/gesundheit\/?s={search_term_string}"},"query-input":{"@type":"PropertyValueSpecification","valueRequired":true,"valueName":"search_term_string"}}],"inLanguage":"de"}]}},"_links":{"self":[{"href":"https:\/\/www.aloe-vera-produkte-kaufen.de\/gesundheit\/wp-json\/wp\/v2\/product\/2084","targetHints":{"allow":["GET"]}}],"collection":[{"href":"https:\/\/www.aloe-vera-produkte-kaufen.de\/gesundheit\/wp-json\/wp\/v2\/product"}],"about":[{"href":"https:\/\/www.aloe-vera-produkte-kaufen.de\/gesundheit\/wp-json\/wp\/v2\/types\/product"}],"replies":[{"embeddable":true,"href":"https:\/\/www.aloe-vera-produkte-kaufen.de\/gesundheit\/wp-json\/wp\/v2\/comments?post=2084"}],"wp:featuredmedia":[{"embeddable":true,"href":"https:\/\/www.aloe-vera-produkte-kaufen.de\/gesundheit\/wp-json\/wp\/v2\/media\/2388"}],"wp:attachment":[{"href":"https:\/\/www.aloe-vera-produkte-kaufen.de\/gesundheit\/wp-json\/wp\/v2\/media?parent=2084"}],"wp:term":[{"taxonomy":"product_brand","embeddable":true,"href":"https:\/\/www.aloe-vera-produkte-kaufen.de\/gesundheit\/wp-json\/wp\/v2\/product_brand?post=2084"},{"taxonomy":"product_cat","embeddable":true,"href":"https:\/\/www.aloe-vera-produkte-kaufen.de\/gesundheit\/wp-json\/wp\/v2\/product_cat?post=2084"},{"taxonomy":"product_tag","embeddable":true,"href":"https:\/\/www.aloe-vera-produkte-kaufen.de\/gesundheit\/wp-json\/wp\/v2\/product_tag?post=2084"}],"curies":[{"name":"wp","href":"https:\/\/api.w.org\/{rel}","templated":true}]}}