{"id":2070,"date":"2024-03-06T12:45:24","date_gmt":"2024-03-06T11:45:24","guid":{"rendered":"https:\/\/www.aloe-vera-produkte-kaufen.de\/gesundheit\/produkt\/mens-multi-multivitamin-gummies-2\/"},"modified":"2024-03-06T12:45:32","modified_gmt":"2024-03-06T11:45:32","slug":"mens-multi-multivitamin-gummies-2","status":"publish","type":"product","link":"https:\/\/www.aloe-vera-produkte-kaufen.de\/gesundheit\/produkt\/mens-multi-multivitamin-gummies-2\/","title":{"rendered":"Men\u2019s Multi Multivitamin Gummies"},"content":{"rendered":"<p>Unsere fruchtigen Men\u2019s Multi Multivitamin Gummies enthalten 15 wichtige N\u00e4hrstoffe sowie das Plus aus 26 Obst- und Gem\u00fcsesorten. Die Vitamin-Gummies f\u00fcr M\u00e4nner sind die perfekte Alternative zu Tabletten und angenehm leicht zu kauen. Sie schmecken lecker nach Orange und Kirsche und enthalten einen Komplex aus 8 B-Vitaminen, z.B. Vitamin B6 &#038; B12 f\u00fcr deinen Energiehaushalt\u00b9 sowie Vitamin C und Zink als Unterst\u00fctzung f\u00fcrs Immunsystem.\u00b2 Schon 2 Vitamin Gummies t\u00e4glich versorgen dich mit essenziellen Vitaminen und Spurenelementen und decken so deinen t\u00e4glichen Bedarf an wichtigen N\u00e4hrstoffen. Starker Nebeneffekt: Vitamin D sorgt f\u00fcr eine normale Muskelfunktion\u00b3 und Zink unterst\u00fctzt die normale Fortpflanzungsf\u00e4higkeit sowie den Testosteronspiegel.\u2074- 60 Multivitamin Gummies mit Kirsch- und Orangen-Geschmack- mit dem nat\u00fcrlichen Plus aus 26 Obst- und Gem\u00fcsesorten &#8211; 15 essentielle Spurenelemente &#038; Vitamine f\u00fcr M\u00e4nner- vegetarisch und frei von Gelatine, Gluten und Laktose\u00b9Vitamin B6 &#038; B12 tragen zu einem normalen Energiestoffwechsel bei\u00b2Vitamin C &#038; Zink tragen zu einem normalen Immunsystem bei\u00b3Vitamin D tr\u00e4gt zur Erhaltung einer normalen Muskelfunktion bei\u2074Zink tr\u00e4gt zur Erhaltung eines normalen Testosteronspiegels im Blut und zu einer normalen Fruchtbarkeit und einer normalen Reproduktion bei<\/p>\n<p>EUR55.85<\/p>\n<p>&nbsp;<\/p>\n<p>&nbsp;<\/p>\n","protected":false},"excerpt":{"rendered":"<p>Unsere fruchtigen Men\u2019s Multi Multivitamin Gummies enthalten 15 wichtige N\u00e4hrstoffe sowie das Plus aus 26 Obst- und Gem\u00fcsesorten. Die Vitamin-Gummies f\u00fcr M\u00e4nner sind die perfekte Alternative zu Tabletten und angenehm leicht zu kauen. Sie schmecken lecker nach Orange und Kirsche und enthalten einen Komplex aus 8 B-Vitaminen, z.B. Vitamin B6 &#038; B12 f\u00fcr deinen Energiehaushalt\u00b9 [&hellip;]<\/p>\n","protected":false},"featured_media":2381,"comment_status":"closed","ping_status":"open","template":"","meta":{"site-sidebar-layout":"default","site-content-layout":"","ast-site-content-layout":"","site-content-style":"default","site-sidebar-style":"default","ast-global-header-display":"","ast-banner-title-visibility":"","ast-main-header-display":"","ast-hfb-above-header-display":"","ast-hfb-below-header-display":"","ast-hfb-mobile-header-display":"","site-post-title":"","ast-breadcrumbs-content":"","ast-featured-img":"","footer-sml-layout":"","theme-transparent-header-meta":"","adv-header-id-meta":"","stick-header-meta":"","header-above-stick-meta":"","header-main-stick-meta":"","header-below-stick-meta":"","astra-migrate-meta-layouts":"default","ast-page-background-enabled":"default","ast-page-background-meta":{"desktop":{"background-color":"var(--ast-global-color-4)","background-image":"","background-repeat":"repeat","background-position":"center center","background-size":"auto","background-attachment":"scroll","background-type":"","background-media":"","overlay-type":"","overlay-color":"","overlay-opacity":"","overlay-gradient":""},"tablet":{"background-color":"","background-image":"","background-repeat":"repeat","background-position":"center center","background-size":"auto","background-attachment":"scroll","background-type":"","background-media":"","overlay-type":"","overlay-color":"","overlay-opacity":"","overlay-gradient":""},"mobile":{"background-color":"","background-image":"","background-repeat":"repeat","background-position":"center center","background-size":"auto","background-attachment":"scroll","background-type":"","background-media":"","overlay-type":"","overlay-color":"","overlay-opacity":"","overlay-gradient":""}},"ast-content-background-meta":{"desktop":{"background-color":"var(--ast-global-color-5)","background-image":"","background-repeat":"repeat","background-position":"center center","background-size":"auto","background-attachment":"scroll","background-type":"","background-media":"","overlay-type":"","overlay-color":"","overlay-opacity":"","overlay-gradient":""},"tablet":{"background-color":"var(--ast-global-color-5)","background-image":"","background-repeat":"repeat","background-position":"center center","background-size":"auto","background-attachment":"scroll","background-type":"","background-media":"","overlay-type":"","overlay-color":"","overlay-opacity":"","overlay-gradient":""},"mobile":{"background-color":"var(--ast-global-color-5)","background-image":"","background-repeat":"repeat","background-position":"center center","background-size":"auto","background-attachment":"scroll","background-type":"","background-media":"","overlay-type":"","overlay-color":"","overlay-opacity":"","overlay-gradient":""}}},"product_brand":[],"product_cat":[86],"product_tag":[],"class_list":{"0":"post-2070","1":"product","2":"type-product","3":"status-publish","4":"has-post-thumbnail","6":"product_cat-nutrition","7":"desktop-align-left","8":"tablet-align-left","9":"mobile-align-left","11":"first","12":"instock","13":"product-type-external"},"yoast_head":"<!-- This site is optimized with the Yoast SEO plugin v24.7 - https:\/\/yoast.com\/wordpress\/plugins\/seo\/ -->\n<title>Men\u2019s Multi Multivitamin Gummies &#060;<\/title>\n<meta name=\"robots\" content=\"index, follow, max-snippet:-1, max-image-preview:large, max-video-preview:-1\" \/>\n<link rel=\"canonical\" href=\"https:\/\/www.aloe-vera-produkte-kaufen.de\/gesundheit\/produkt\/mens-multi-multivitamin-gummies-2\/\" \/>\n<meta property=\"og:locale\" content=\"de_DE\" \/>\n<meta property=\"og:type\" content=\"article\" \/>\n<meta property=\"og:title\" content=\"Men\u2019s Multi Multivitamin Gummies &#060;\" \/>\n<meta property=\"og:description\" content=\"Unsere fruchtigen Men\u2019s Multi Multivitamin Gummies enthalten 15 wichtige N\u00e4hrstoffe sowie das Plus aus 26 Obst- und Gem\u00fcsesorten. Die Vitamin-Gummies f\u00fcr M\u00e4nner sind die perfekte Alternative zu Tabletten und angenehm leicht zu kauen. Sie schmecken lecker nach Orange und Kirsche und enthalten einen Komplex aus 8 B-Vitaminen, z.B. Vitamin B6 &#038; B12 f\u00fcr deinen Energiehaushalt\u00b9 [&hellip;]\" \/>\n<meta property=\"og:url\" content=\"https:\/\/www.aloe-vera-produkte-kaufen.de\/gesundheit\/produkt\/mens-multi-multivitamin-gummies-2\/\" \/>\n<meta property=\"article:modified_time\" content=\"2024-03-06T11:45:32+00:00\" \/>\n<meta property=\"og:image\" content=\"https:\/\/www.aloe-vera-produkte-kaufen.de\/gesundheit\/wp-content\/uploads\/2024\/03\/3er-set-vitamine-fuer-maenner-mens-multi-gummies-natures-way.jpg\" \/>\n\t<meta property=\"og:image:width\" content=\"2048\" \/>\n\t<meta property=\"og:image:height\" content=\"2048\" \/>\n\t<meta property=\"og:image:type\" content=\"image\/jpeg\" \/>\n<meta name=\"twitter:card\" content=\"summary_large_image\" \/>\n<meta name=\"twitter:label1\" content=\"Gesch\u00e4tzte Lesezeit\" \/>\n\t<meta name=\"twitter:data1\" content=\"1\u00a0Minute\" \/>\n<script type=\"application\/ld+json\" class=\"yoast-schema-graph\">{\"@context\":\"https:\/\/schema.org\",\"@graph\":[{\"@type\":\"WebPage\",\"@id\":\"https:\/\/www.aloe-vera-produkte-kaufen.de\/gesundheit\/produkt\/mens-multi-multivitamin-gummies-2\/\",\"url\":\"https:\/\/www.aloe-vera-produkte-kaufen.de\/gesundheit\/produkt\/mens-multi-multivitamin-gummies-2\/\",\"name\":\"Men\u2019s Multi Multivitamin Gummies &#060;\",\"isPartOf\":{\"@id\":\"https:\/\/www.aloe-vera-produkte-kaufen.de\/gesundheit\/#website\"},\"primaryImageOfPage\":{\"@id\":\"https:\/\/www.aloe-vera-produkte-kaufen.de\/gesundheit\/produkt\/mens-multi-multivitamin-gummies-2\/#primaryimage\"},\"image\":{\"@id\":\"https:\/\/www.aloe-vera-produkte-kaufen.de\/gesundheit\/produkt\/mens-multi-multivitamin-gummies-2\/#primaryimage\"},\"thumbnailUrl\":\"https:\/\/www.aloe-vera-produkte-kaufen.de\/gesundheit\/wp-content\/uploads\/2024\/03\/3er-set-vitamine-fuer-maenner-mens-multi-gummies-natures-way.jpg\",\"datePublished\":\"2024-03-06T11:45:24+00:00\",\"dateModified\":\"2024-03-06T11:45:32+00:00\",\"breadcrumb\":{\"@id\":\"https:\/\/www.aloe-vera-produkte-kaufen.de\/gesundheit\/produkt\/mens-multi-multivitamin-gummies-2\/#breadcrumb\"},\"inLanguage\":\"de\",\"potentialAction\":[{\"@type\":\"ReadAction\",\"target\":[\"https:\/\/www.aloe-vera-produkte-kaufen.de\/gesundheit\/produkt\/mens-multi-multivitamin-gummies-2\/\"]}]},{\"@type\":\"ImageObject\",\"inLanguage\":\"de\",\"@id\":\"https:\/\/www.aloe-vera-produkte-kaufen.de\/gesundheit\/produkt\/mens-multi-multivitamin-gummies-2\/#primaryimage\",\"url\":\"https:\/\/www.aloe-vera-produkte-kaufen.de\/gesundheit\/wp-content\/uploads\/2024\/03\/3er-set-vitamine-fuer-maenner-mens-multi-gummies-natures-way.jpg\",\"contentUrl\":\"https:\/\/www.aloe-vera-produkte-kaufen.de\/gesundheit\/wp-content\/uploads\/2024\/03\/3er-set-vitamine-fuer-maenner-mens-multi-gummies-natures-way.jpg\",\"width\":2048,\"height\":2048},{\"@type\":\"BreadcrumbList\",\"@id\":\"https:\/\/www.aloe-vera-produkte-kaufen.de\/gesundheit\/produkt\/mens-multi-multivitamin-gummies-2\/#breadcrumb\",\"itemListElement\":[{\"@type\":\"ListItem\",\"position\":1,\"name\":\"Startseite\",\"item\":\"https:\/\/www.aloe-vera-produkte-kaufen.de\/gesundheit\/\"},{\"@type\":\"ListItem\",\"position\":2,\"name\":\"Shop\",\"item\":\"https:\/\/www.aloe-vera-produkte-kaufen.de\/gesundheit\/shop-2\/\"},{\"@type\":\"ListItem\",\"position\":3,\"name\":\"Men\u2019s Multi Multivitamin Gummies\"}]},{\"@type\":\"WebSite\",\"@id\":\"https:\/\/www.aloe-vera-produkte-kaufen.de\/gesundheit\/#website\",\"url\":\"https:\/\/www.aloe-vera-produkte-kaufen.de\/gesundheit\/\",\"name\":\"\",\"description\":\"\",\"potentialAction\":[{\"@type\":\"SearchAction\",\"target\":{\"@type\":\"EntryPoint\",\"urlTemplate\":\"https:\/\/www.aloe-vera-produkte-kaufen.de\/gesundheit\/?s={search_term_string}\"},\"query-input\":{\"@type\":\"PropertyValueSpecification\",\"valueRequired\":true,\"valueName\":\"search_term_string\"}}],\"inLanguage\":\"de\"}]}<\/script>\n<!-- \/ Yoast SEO plugin. -->","yoast_head_json":{"title":"Men\u2019s Multi Multivitamin Gummies &#060;","robots":{"index":"index","follow":"follow","max-snippet":"max-snippet:-1","max-image-preview":"max-image-preview:large","max-video-preview":"max-video-preview:-1"},"canonical":"https:\/\/www.aloe-vera-produkte-kaufen.de\/gesundheit\/produkt\/mens-multi-multivitamin-gummies-2\/","og_locale":"de_DE","og_type":"article","og_title":"Men\u2019s Multi Multivitamin Gummies &#060;","og_description":"Unsere fruchtigen Men\u2019s Multi Multivitamin Gummies enthalten 15 wichtige N\u00e4hrstoffe sowie das Plus aus 26 Obst- und Gem\u00fcsesorten. Die Vitamin-Gummies f\u00fcr M\u00e4nner sind die perfekte Alternative zu Tabletten und angenehm leicht zu kauen. Sie schmecken lecker nach Orange und Kirsche und enthalten einen Komplex aus 8 B-Vitaminen, z.B. Vitamin B6 &#038; B12 f\u00fcr deinen Energiehaushalt\u00b9 [&hellip;]","og_url":"https:\/\/www.aloe-vera-produkte-kaufen.de\/gesundheit\/produkt\/mens-multi-multivitamin-gummies-2\/","article_modified_time":"2024-03-06T11:45:32+00:00","og_image":[{"width":2048,"height":2048,"url":"https:\/\/www.aloe-vera-produkte-kaufen.de\/gesundheit\/wp-content\/uploads\/2024\/03\/3er-set-vitamine-fuer-maenner-mens-multi-gummies-natures-way.jpg","type":"image\/jpeg"}],"twitter_card":"summary_large_image","twitter_misc":{"Gesch\u00e4tzte Lesezeit":"1\u00a0Minute"},"schema":{"@context":"https:\/\/schema.org","@graph":[{"@type":"WebPage","@id":"https:\/\/www.aloe-vera-produkte-kaufen.de\/gesundheit\/produkt\/mens-multi-multivitamin-gummies-2\/","url":"https:\/\/www.aloe-vera-produkte-kaufen.de\/gesundheit\/produkt\/mens-multi-multivitamin-gummies-2\/","name":"Men\u2019s Multi Multivitamin Gummies &#060;","isPartOf":{"@id":"https:\/\/www.aloe-vera-produkte-kaufen.de\/gesundheit\/#website"},"primaryImageOfPage":{"@id":"https:\/\/www.aloe-vera-produkte-kaufen.de\/gesundheit\/produkt\/mens-multi-multivitamin-gummies-2\/#primaryimage"},"image":{"@id":"https:\/\/www.aloe-vera-produkte-kaufen.de\/gesundheit\/produkt\/mens-multi-multivitamin-gummies-2\/#primaryimage"},"thumbnailUrl":"https:\/\/www.aloe-vera-produkte-kaufen.de\/gesundheit\/wp-content\/uploads\/2024\/03\/3er-set-vitamine-fuer-maenner-mens-multi-gummies-natures-way.jpg","datePublished":"2024-03-06T11:45:24+00:00","dateModified":"2024-03-06T11:45:32+00:00","breadcrumb":{"@id":"https:\/\/www.aloe-vera-produkte-kaufen.de\/gesundheit\/produkt\/mens-multi-multivitamin-gummies-2\/#breadcrumb"},"inLanguage":"de","potentialAction":[{"@type":"ReadAction","target":["https:\/\/www.aloe-vera-produkte-kaufen.de\/gesundheit\/produkt\/mens-multi-multivitamin-gummies-2\/"]}]},{"@type":"ImageObject","inLanguage":"de","@id":"https:\/\/www.aloe-vera-produkte-kaufen.de\/gesundheit\/produkt\/mens-multi-multivitamin-gummies-2\/#primaryimage","url":"https:\/\/www.aloe-vera-produkte-kaufen.de\/gesundheit\/wp-content\/uploads\/2024\/03\/3er-set-vitamine-fuer-maenner-mens-multi-gummies-natures-way.jpg","contentUrl":"https:\/\/www.aloe-vera-produkte-kaufen.de\/gesundheit\/wp-content\/uploads\/2024\/03\/3er-set-vitamine-fuer-maenner-mens-multi-gummies-natures-way.jpg","width":2048,"height":2048},{"@type":"BreadcrumbList","@id":"https:\/\/www.aloe-vera-produkte-kaufen.de\/gesundheit\/produkt\/mens-multi-multivitamin-gummies-2\/#breadcrumb","itemListElement":[{"@type":"ListItem","position":1,"name":"Startseite","item":"https:\/\/www.aloe-vera-produkte-kaufen.de\/gesundheit\/"},{"@type":"ListItem","position":2,"name":"Shop","item":"https:\/\/www.aloe-vera-produkte-kaufen.de\/gesundheit\/shop-2\/"},{"@type":"ListItem","position":3,"name":"Men\u2019s Multi Multivitamin Gummies"}]},{"@type":"WebSite","@id":"https:\/\/www.aloe-vera-produkte-kaufen.de\/gesundheit\/#website","url":"https:\/\/www.aloe-vera-produkte-kaufen.de\/gesundheit\/","name":"","description":"","potentialAction":[{"@type":"SearchAction","target":{"@type":"EntryPoint","urlTemplate":"https:\/\/www.aloe-vera-produkte-kaufen.de\/gesundheit\/?s={search_term_string}"},"query-input":{"@type":"PropertyValueSpecification","valueRequired":true,"valueName":"search_term_string"}}],"inLanguage":"de"}]}},"_links":{"self":[{"href":"https:\/\/www.aloe-vera-produkte-kaufen.de\/gesundheit\/wp-json\/wp\/v2\/product\/2070","targetHints":{"allow":["GET"]}}],"collection":[{"href":"https:\/\/www.aloe-vera-produkte-kaufen.de\/gesundheit\/wp-json\/wp\/v2\/product"}],"about":[{"href":"https:\/\/www.aloe-vera-produkte-kaufen.de\/gesundheit\/wp-json\/wp\/v2\/types\/product"}],"replies":[{"embeddable":true,"href":"https:\/\/www.aloe-vera-produkte-kaufen.de\/gesundheit\/wp-json\/wp\/v2\/comments?post=2070"}],"wp:featuredmedia":[{"embeddable":true,"href":"https:\/\/www.aloe-vera-produkte-kaufen.de\/gesundheit\/wp-json\/wp\/v2\/media\/2381"}],"wp:attachment":[{"href":"https:\/\/www.aloe-vera-produkte-kaufen.de\/gesundheit\/wp-json\/wp\/v2\/media?parent=2070"}],"wp:term":[{"taxonomy":"product_brand","embeddable":true,"href":"https:\/\/www.aloe-vera-produkte-kaufen.de\/gesundheit\/wp-json\/wp\/v2\/product_brand?post=2070"},{"taxonomy":"product_cat","embeddable":true,"href":"https:\/\/www.aloe-vera-produkte-kaufen.de\/gesundheit\/wp-json\/wp\/v2\/product_cat?post=2070"},{"taxonomy":"product_tag","embeddable":true,"href":"https:\/\/www.aloe-vera-produkte-kaufen.de\/gesundheit\/wp-json\/wp\/v2\/product_tag?post=2070"}],"curies":[{"name":"wp","href":"https:\/\/api.w.org\/{rel}","templated":true}]}}