{"id":2034,"date":"2024-03-06T12:45:10","date_gmt":"2024-03-06T11:45:10","guid":{"rendered":"https:\/\/www.aloe-vera-produkte-kaufen.de\/gesundheit\/produkt\/profi-set\/"},"modified":"2024-03-06T12:45:13","modified_gmt":"2024-03-06T11:45:13","slug":"profi-set","status":"publish","type":"product","link":"https:\/\/www.aloe-vera-produkte-kaufen.de\/gesundheit\/produkt\/profi-set\/","title":{"rendered":"Profi Set"},"content":{"rendered":"<p>Das Profi Set enth\u00e4lt folgende nachhaltige Produkte. 3x Putzmitteltabs f\u00fcr je 500 ml K\u00fcchenreiniger. 3x Putzmitteltabs f\u00fcr je 500 ml Badreiniger. 3x Putzmitteltabs f\u00fcr je 500 ml Glasreiniger. Festes Shampoo Argan\u00f6l &#038; Feige. Fester Conditioner Argan\u00f6l &#038; Feige. 100g feste Naturseife \u201efruchtiges Zitronengras\u201c f\u00fcr H\u00e4nde, K\u00f6rper und Gesicht. Minimalistischer Magnetseifenhalter f\u00fcr feste Seifen (flexible Anbringung durch Saugnapf). 2x Design-Schwammt\u00fccher, vollst\u00e4ndig kompostierbar und waschbar bei 95\u00b0C. Umweltfreundlicher Universalreiniger als Putzstein im Glas 600g. Plastikfreies, super softes Toilettenpapier aus recyceltem Altpapier, 6 Rollen \u00e0 150 Blatt, 3-lagig. Plastikfreies, extra sanftes Toilettenpapier aus schnell nachwachsenden Bambusfasern, 6 Rollen \u00e0 150 Blatt, 3-lagig. Plastikfreies, nat\u00fcrlich ungebleichtes Toilettenpapier, 6 Rollen \u00e0 150 Blatt, 3-lagig. Recycelte Kosmetikt\u00fccher in stylischer Printbox. Sicherheitsdatenbl\u00e4tter und Inhaltsstoffe k\u00f6nnen\u00a0nachfolgend\u00a0eingesehen werden:\u00a0Badreiniger,\u00a0Glasreiniger\u00a0und\u00a0K\u00fcchenreiniger<\/p>\n<p>EUR66.75<\/p>\n<p>&nbsp;<\/p>\n<p>&nbsp;<\/p>\n","protected":false},"excerpt":{"rendered":"<p>Das Profi Set enth\u00e4lt folgende nachhaltige Produkte. 3x Putzmitteltabs f\u00fcr je 500 ml K\u00fcchenreiniger. 3x Putzmitteltabs f\u00fcr je 500 ml Badreiniger. 3x Putzmitteltabs f\u00fcr je 500 ml Glasreiniger. Festes Shampoo Argan\u00f6l &#038; Feige. Fester Conditioner Argan\u00f6l &#038; Feige. 100g feste Naturseife \u201efruchtiges Zitronengras\u201c f\u00fcr H\u00e4nde, K\u00f6rper und Gesicht. Minimalistischer Magnetseifenhalter f\u00fcr feste Seifen (flexible Anbringung [&hellip;]<\/p>\n","protected":false},"featured_media":2363,"comment_status":"closed","ping_status":"open","template":"","meta":{"site-sidebar-layout":"default","site-content-layout":"","ast-site-content-layout":"","site-content-style":"default","site-sidebar-style":"default","ast-global-header-display":"","ast-banner-title-visibility":"","ast-main-header-display":"","ast-hfb-above-header-display":"","ast-hfb-below-header-display":"","ast-hfb-mobile-header-display":"","site-post-title":"","ast-breadcrumbs-content":"","ast-featured-img":"","footer-sml-layout":"","theme-transparent-header-meta":"","adv-header-id-meta":"","stick-header-meta":"","header-above-stick-meta":"","header-main-stick-meta":"","header-below-stick-meta":"","astra-migrate-meta-layouts":"default","ast-page-background-enabled":"default","ast-page-background-meta":{"desktop":{"background-color":"var(--ast-global-color-4)","background-image":"","background-repeat":"repeat","background-position":"center center","background-size":"auto","background-attachment":"scroll","background-type":"","background-media":"","overlay-type":"","overlay-color":"","overlay-opacity":"","overlay-gradient":""},"tablet":{"background-color":"","background-image":"","background-repeat":"repeat","background-position":"center center","background-size":"auto","background-attachment":"scroll","background-type":"","background-media":"","overlay-type":"","overlay-color":"","overlay-opacity":"","overlay-gradient":""},"mobile":{"background-color":"","background-image":"","background-repeat":"repeat","background-position":"center center","background-size":"auto","background-attachment":"scroll","background-type":"","background-media":"","overlay-type":"","overlay-color":"","overlay-opacity":"","overlay-gradient":""}},"ast-content-background-meta":{"desktop":{"background-color":"var(--ast-global-color-5)","background-image":"","background-repeat":"repeat","background-position":"center center","background-size":"auto","background-attachment":"scroll","background-type":"","background-media":"","overlay-type":"","overlay-color":"","overlay-opacity":"","overlay-gradient":""},"tablet":{"background-color":"var(--ast-global-color-5)","background-image":"","background-repeat":"repeat","background-position":"center center","background-size":"auto","background-attachment":"scroll","background-type":"","background-media":"","overlay-type":"","overlay-color":"","overlay-opacity":"","overlay-gradient":""},"mobile":{"background-color":"var(--ast-global-color-5)","background-image":"","background-repeat":"repeat","background-position":"center center","background-size":"auto","background-attachment":"scroll","background-type":"","background-media":"","overlay-type":"","overlay-color":"","overlay-opacity":"","overlay-gradient":""}}},"product_brand":[],"product_cat":[38],"product_tag":[],"class_list":{"0":"post-2034","1":"product","2":"type-product","3":"status-publish","4":"has-post-thumbnail","6":"product_cat-beauty","7":"desktop-align-left","8":"tablet-align-left","9":"mobile-align-left","11":"first","12":"instock","13":"product-type-external"},"yoast_head":"<!-- This site is optimized with the Yoast SEO plugin v24.7 - https:\/\/yoast.com\/wordpress\/plugins\/seo\/ -->\n<title>Profi Set &#060;<\/title>\n<meta name=\"robots\" content=\"index, follow, max-snippet:-1, max-image-preview:large, max-video-preview:-1\" \/>\n<link rel=\"canonical\" href=\"https:\/\/www.aloe-vera-produkte-kaufen.de\/gesundheit\/produkt\/profi-set\/\" \/>\n<meta property=\"og:locale\" content=\"de_DE\" \/>\n<meta property=\"og:type\" content=\"article\" \/>\n<meta property=\"og:title\" content=\"Profi Set &#060;\" \/>\n<meta property=\"og:description\" content=\"Das Profi Set enth\u00e4lt folgende nachhaltige Produkte. 3x Putzmitteltabs f\u00fcr je 500 ml K\u00fcchenreiniger. 3x Putzmitteltabs f\u00fcr je 500 ml Badreiniger. 3x Putzmitteltabs f\u00fcr je 500 ml Glasreiniger. Festes Shampoo Argan\u00f6l &#038; Feige. Fester Conditioner Argan\u00f6l &#038; Feige. 100g feste Naturseife \u201efruchtiges Zitronengras\u201c f\u00fcr H\u00e4nde, K\u00f6rper und Gesicht. Minimalistischer Magnetseifenhalter f\u00fcr feste Seifen (flexible Anbringung [&hellip;]\" \/>\n<meta property=\"og:url\" content=\"https:\/\/www.aloe-vera-produkte-kaufen.de\/gesundheit\/produkt\/profi-set\/\" \/>\n<meta property=\"article:modified_time\" content=\"2024-03-06T11:45:13+00:00\" \/>\n<meta property=\"og:image\" content=\"https:\/\/www.aloe-vera-produkte-kaufen.de\/gesundheit\/wp-content\/uploads\/2024\/03\/ProfiSet_ohneWaschmittelblaetter_Thermomix.webp\" \/>\n\t<meta property=\"og:image:width\" content=\"1000\" \/>\n\t<meta property=\"og:image:height\" content=\"1000\" \/>\n\t<meta property=\"og:image:type\" content=\"image\/jpeg\" \/>\n<meta name=\"twitter:card\" content=\"summary_large_image\" \/>\n<meta name=\"twitter:label1\" content=\"Gesch\u00e4tzte Lesezeit\" \/>\n\t<meta name=\"twitter:data1\" content=\"1\u00a0Minute\" \/>\n<script type=\"application\/ld+json\" class=\"yoast-schema-graph\">{\"@context\":\"https:\/\/schema.org\",\"@graph\":[{\"@type\":\"WebPage\",\"@id\":\"https:\/\/www.aloe-vera-produkte-kaufen.de\/gesundheit\/produkt\/profi-set\/\",\"url\":\"https:\/\/www.aloe-vera-produkte-kaufen.de\/gesundheit\/produkt\/profi-set\/\",\"name\":\"Profi Set &#060;\",\"isPartOf\":{\"@id\":\"https:\/\/www.aloe-vera-produkte-kaufen.de\/gesundheit\/#website\"},\"primaryImageOfPage\":{\"@id\":\"https:\/\/www.aloe-vera-produkte-kaufen.de\/gesundheit\/produkt\/profi-set\/#primaryimage\"},\"image\":{\"@id\":\"https:\/\/www.aloe-vera-produkte-kaufen.de\/gesundheit\/produkt\/profi-set\/#primaryimage\"},\"thumbnailUrl\":\"https:\/\/www.aloe-vera-produkte-kaufen.de\/gesundheit\/wp-content\/uploads\/2024\/03\/ProfiSet_ohneWaschmittelblaetter_Thermomix.webp\",\"datePublished\":\"2024-03-06T11:45:10+00:00\",\"dateModified\":\"2024-03-06T11:45:13+00:00\",\"breadcrumb\":{\"@id\":\"https:\/\/www.aloe-vera-produkte-kaufen.de\/gesundheit\/produkt\/profi-set\/#breadcrumb\"},\"inLanguage\":\"de\",\"potentialAction\":[{\"@type\":\"ReadAction\",\"target\":[\"https:\/\/www.aloe-vera-produkte-kaufen.de\/gesundheit\/produkt\/profi-set\/\"]}]},{\"@type\":\"ImageObject\",\"inLanguage\":\"de\",\"@id\":\"https:\/\/www.aloe-vera-produkte-kaufen.de\/gesundheit\/produkt\/profi-set\/#primaryimage\",\"url\":\"https:\/\/www.aloe-vera-produkte-kaufen.de\/gesundheit\/wp-content\/uploads\/2024\/03\/ProfiSet_ohneWaschmittelblaetter_Thermomix.webp\",\"contentUrl\":\"https:\/\/www.aloe-vera-produkte-kaufen.de\/gesundheit\/wp-content\/uploads\/2024\/03\/ProfiSet_ohneWaschmittelblaetter_Thermomix.webp\",\"width\":1000,\"height\":1000},{\"@type\":\"BreadcrumbList\",\"@id\":\"https:\/\/www.aloe-vera-produkte-kaufen.de\/gesundheit\/produkt\/profi-set\/#breadcrumb\",\"itemListElement\":[{\"@type\":\"ListItem\",\"position\":1,\"name\":\"Startseite\",\"item\":\"https:\/\/www.aloe-vera-produkte-kaufen.de\/gesundheit\/\"},{\"@type\":\"ListItem\",\"position\":2,\"name\":\"Shop\",\"item\":\"https:\/\/www.aloe-vera-produkte-kaufen.de\/gesundheit\/shop-2\/\"},{\"@type\":\"ListItem\",\"position\":3,\"name\":\"Profi Set\"}]},{\"@type\":\"WebSite\",\"@id\":\"https:\/\/www.aloe-vera-produkte-kaufen.de\/gesundheit\/#website\",\"url\":\"https:\/\/www.aloe-vera-produkte-kaufen.de\/gesundheit\/\",\"name\":\"\",\"description\":\"\",\"potentialAction\":[{\"@type\":\"SearchAction\",\"target\":{\"@type\":\"EntryPoint\",\"urlTemplate\":\"https:\/\/www.aloe-vera-produkte-kaufen.de\/gesundheit\/?s={search_term_string}\"},\"query-input\":{\"@type\":\"PropertyValueSpecification\",\"valueRequired\":true,\"valueName\":\"search_term_string\"}}],\"inLanguage\":\"de\"}]}<\/script>\n<!-- \/ Yoast SEO plugin. -->","yoast_head_json":{"title":"Profi Set &#060;","robots":{"index":"index","follow":"follow","max-snippet":"max-snippet:-1","max-image-preview":"max-image-preview:large","max-video-preview":"max-video-preview:-1"},"canonical":"https:\/\/www.aloe-vera-produkte-kaufen.de\/gesundheit\/produkt\/profi-set\/","og_locale":"de_DE","og_type":"article","og_title":"Profi Set &#060;","og_description":"Das Profi Set enth\u00e4lt folgende nachhaltige Produkte. 3x Putzmitteltabs f\u00fcr je 500 ml K\u00fcchenreiniger. 3x Putzmitteltabs f\u00fcr je 500 ml Badreiniger. 3x Putzmitteltabs f\u00fcr je 500 ml Glasreiniger. Festes Shampoo Argan\u00f6l &#038; Feige. Fester Conditioner Argan\u00f6l &#038; Feige. 100g feste Naturseife \u201efruchtiges Zitronengras\u201c f\u00fcr H\u00e4nde, K\u00f6rper und Gesicht. Minimalistischer Magnetseifenhalter f\u00fcr feste Seifen (flexible Anbringung [&hellip;]","og_url":"https:\/\/www.aloe-vera-produkte-kaufen.de\/gesundheit\/produkt\/profi-set\/","article_modified_time":"2024-03-06T11:45:13+00:00","og_image":[{"width":1000,"height":1000,"url":"https:\/\/www.aloe-vera-produkte-kaufen.de\/gesundheit\/wp-content\/uploads\/2024\/03\/ProfiSet_ohneWaschmittelblaetter_Thermomix.webp","type":"image\/jpeg"}],"twitter_card":"summary_large_image","twitter_misc":{"Gesch\u00e4tzte Lesezeit":"1\u00a0Minute"},"schema":{"@context":"https:\/\/schema.org","@graph":[{"@type":"WebPage","@id":"https:\/\/www.aloe-vera-produkte-kaufen.de\/gesundheit\/produkt\/profi-set\/","url":"https:\/\/www.aloe-vera-produkte-kaufen.de\/gesundheit\/produkt\/profi-set\/","name":"Profi Set &#060;","isPartOf":{"@id":"https:\/\/www.aloe-vera-produkte-kaufen.de\/gesundheit\/#website"},"primaryImageOfPage":{"@id":"https:\/\/www.aloe-vera-produkte-kaufen.de\/gesundheit\/produkt\/profi-set\/#primaryimage"},"image":{"@id":"https:\/\/www.aloe-vera-produkte-kaufen.de\/gesundheit\/produkt\/profi-set\/#primaryimage"},"thumbnailUrl":"https:\/\/www.aloe-vera-produkte-kaufen.de\/gesundheit\/wp-content\/uploads\/2024\/03\/ProfiSet_ohneWaschmittelblaetter_Thermomix.webp","datePublished":"2024-03-06T11:45:10+00:00","dateModified":"2024-03-06T11:45:13+00:00","breadcrumb":{"@id":"https:\/\/www.aloe-vera-produkte-kaufen.de\/gesundheit\/produkt\/profi-set\/#breadcrumb"},"inLanguage":"de","potentialAction":[{"@type":"ReadAction","target":["https:\/\/www.aloe-vera-produkte-kaufen.de\/gesundheit\/produkt\/profi-set\/"]}]},{"@type":"ImageObject","inLanguage":"de","@id":"https:\/\/www.aloe-vera-produkte-kaufen.de\/gesundheit\/produkt\/profi-set\/#primaryimage","url":"https:\/\/www.aloe-vera-produkte-kaufen.de\/gesundheit\/wp-content\/uploads\/2024\/03\/ProfiSet_ohneWaschmittelblaetter_Thermomix.webp","contentUrl":"https:\/\/www.aloe-vera-produkte-kaufen.de\/gesundheit\/wp-content\/uploads\/2024\/03\/ProfiSet_ohneWaschmittelblaetter_Thermomix.webp","width":1000,"height":1000},{"@type":"BreadcrumbList","@id":"https:\/\/www.aloe-vera-produkte-kaufen.de\/gesundheit\/produkt\/profi-set\/#breadcrumb","itemListElement":[{"@type":"ListItem","position":1,"name":"Startseite","item":"https:\/\/www.aloe-vera-produkte-kaufen.de\/gesundheit\/"},{"@type":"ListItem","position":2,"name":"Shop","item":"https:\/\/www.aloe-vera-produkte-kaufen.de\/gesundheit\/shop-2\/"},{"@type":"ListItem","position":3,"name":"Profi Set"}]},{"@type":"WebSite","@id":"https:\/\/www.aloe-vera-produkte-kaufen.de\/gesundheit\/#website","url":"https:\/\/www.aloe-vera-produkte-kaufen.de\/gesundheit\/","name":"","description":"","potentialAction":[{"@type":"SearchAction","target":{"@type":"EntryPoint","urlTemplate":"https:\/\/www.aloe-vera-produkte-kaufen.de\/gesundheit\/?s={search_term_string}"},"query-input":{"@type":"PropertyValueSpecification","valueRequired":true,"valueName":"search_term_string"}}],"inLanguage":"de"}]}},"_links":{"self":[{"href":"https:\/\/www.aloe-vera-produkte-kaufen.de\/gesundheit\/wp-json\/wp\/v2\/product\/2034","targetHints":{"allow":["GET"]}}],"collection":[{"href":"https:\/\/www.aloe-vera-produkte-kaufen.de\/gesundheit\/wp-json\/wp\/v2\/product"}],"about":[{"href":"https:\/\/www.aloe-vera-produkte-kaufen.de\/gesundheit\/wp-json\/wp\/v2\/types\/product"}],"replies":[{"embeddable":true,"href":"https:\/\/www.aloe-vera-produkte-kaufen.de\/gesundheit\/wp-json\/wp\/v2\/comments?post=2034"}],"wp:featuredmedia":[{"embeddable":true,"href":"https:\/\/www.aloe-vera-produkte-kaufen.de\/gesundheit\/wp-json\/wp\/v2\/media\/2363"}],"wp:attachment":[{"href":"https:\/\/www.aloe-vera-produkte-kaufen.de\/gesundheit\/wp-json\/wp\/v2\/media?parent=2034"}],"wp:term":[{"taxonomy":"product_brand","embeddable":true,"href":"https:\/\/www.aloe-vera-produkte-kaufen.de\/gesundheit\/wp-json\/wp\/v2\/product_brand?post=2034"},{"taxonomy":"product_cat","embeddable":true,"href":"https:\/\/www.aloe-vera-produkte-kaufen.de\/gesundheit\/wp-json\/wp\/v2\/product_cat?post=2034"},{"taxonomy":"product_tag","embeddable":true,"href":"https:\/\/www.aloe-vera-produkte-kaufen.de\/gesundheit\/wp-json\/wp\/v2\/product_tag?post=2034"}],"curies":[{"name":"wp","href":"https:\/\/api.w.org\/{rel}","templated":true}]}}