{"id":2026,"date":"2024-03-06T12:45:10","date_gmt":"2024-03-06T11:45:10","guid":{"rendered":"https:\/\/www.aloe-vera-produkte-kaufen.de\/gesundheit\/produkt\/toilettenpapier-bambus-1-palette\/"},"modified":"2024-03-06T12:45:12","modified_gmt":"2024-03-06T11:45:12","slug":"toilettenpapier-bambus-1-palette","status":"publish","type":"product","link":"https:\/\/www.aloe-vera-produkte-kaufen.de\/gesundheit\/produkt\/toilettenpapier-bambus-1-palette\/","title":{"rendered":"Toilettenpapier BAMBUS (1 Palette)"},"content":{"rendered":"<p>Produktdetails. 1.260 (210 x 6) Rollen \u00e0 150 Blatt, 3-lagig. 60% Bambus erg\u00e4nzt durch frischen Zellstoff. Ressourcenschonend hergestellt. komplett plastikfrei und vegan. Made in Germany. Von Asien in die Po-Ebene. Der Bambuszellstoff f\u00fcr unser Toilettenpapier kommt aus den L\u00e4ndern der aufgehenden Sonne, die Weiterverarbeitung zu einem unserer weichsten und rei\u00df festesten Toilettenpapiere erledigen wir hier in Deutschland. Da Bambus aktuell einer der weltweit nachhaltigsten, weil schnell nachwachsenden Rohstoffe ist und sehr energieschonend weiterverarbeitet werden kann, lohnt sich diese weite Anreise. Und es bereichert den eigenen Horizont ohnehin ungemein, mit dem Exotischen auf Tuchf\u00fchlung zu gehen.. Mehr zu unseren alternativen Rohstoffen findest Du hier.. Unser Partner DHL GoGreen liefert Dir die Produkte innerhalb von 2-3 Werktagen zuverl\u00e4ssig und CO2-neutral nach Hause.<\/p>\n<p>EUR399.00<\/p>\n<p>&nbsp;<\/p>\n<p>&nbsp;<\/p>\n","protected":false},"excerpt":{"rendered":"<p>Produktdetails. 1.260 (210 x 6) Rollen \u00e0 150 Blatt, 3-lagig. 60% Bambus erg\u00e4nzt durch frischen Zellstoff. Ressourcenschonend hergestellt. komplett plastikfrei und vegan. Made in Germany. Von Asien in die Po-Ebene. Der Bambuszellstoff f\u00fcr unser Toilettenpapier kommt aus den L\u00e4ndern der aufgehenden Sonne, die Weiterverarbeitung zu einem unserer weichsten und rei\u00df festesten Toilettenpapiere erledigen wir hier [&hellip;]<\/p>\n","protected":false},"featured_media":2360,"comment_status":"closed","ping_status":"open","template":"","meta":{"site-sidebar-layout":"default","site-content-layout":"","ast-site-content-layout":"","site-content-style":"default","site-sidebar-style":"default","ast-global-header-display":"","ast-banner-title-visibility":"","ast-main-header-display":"","ast-hfb-above-header-display":"","ast-hfb-below-header-display":"","ast-hfb-mobile-header-display":"","site-post-title":"","ast-breadcrumbs-content":"","ast-featured-img":"","footer-sml-layout":"","theme-transparent-header-meta":"","adv-header-id-meta":"","stick-header-meta":"","header-above-stick-meta":"","header-main-stick-meta":"","header-below-stick-meta":"","astra-migrate-meta-layouts":"default","ast-page-background-enabled":"default","ast-page-background-meta":{"desktop":{"background-color":"var(--ast-global-color-4)","background-image":"","background-repeat":"repeat","background-position":"center center","background-size":"auto","background-attachment":"scroll","background-type":"","background-media":"","overlay-type":"","overlay-color":"","overlay-opacity":"","overlay-gradient":""},"tablet":{"background-color":"","background-image":"","background-repeat":"repeat","background-position":"center center","background-size":"auto","background-attachment":"scroll","background-type":"","background-media":"","overlay-type":"","overlay-color":"","overlay-opacity":"","overlay-gradient":""},"mobile":{"background-color":"","background-image":"","background-repeat":"repeat","background-position":"center center","background-size":"auto","background-attachment":"scroll","background-type":"","background-media":"","overlay-type":"","overlay-color":"","overlay-opacity":"","overlay-gradient":""}},"ast-content-background-meta":{"desktop":{"background-color":"var(--ast-global-color-5)","background-image":"","background-repeat":"repeat","background-position":"center center","background-size":"auto","background-attachment":"scroll","background-type":"","background-media":"","overlay-type":"","overlay-color":"","overlay-opacity":"","overlay-gradient":""},"tablet":{"background-color":"var(--ast-global-color-5)","background-image":"","background-repeat":"repeat","background-position":"center center","background-size":"auto","background-attachment":"scroll","background-type":"","background-media":"","overlay-type":"","overlay-color":"","overlay-opacity":"","overlay-gradient":""},"mobile":{"background-color":"var(--ast-global-color-5)","background-image":"","background-repeat":"repeat","background-position":"center center","background-size":"auto","background-attachment":"scroll","background-type":"","background-media":"","overlay-type":"","overlay-color":"","overlay-opacity":"","overlay-gradient":""}}},"product_brand":[],"product_cat":[38],"product_tag":[],"class_list":{"0":"post-2026","1":"product","2":"type-product","3":"status-publish","4":"has-post-thumbnail","6":"product_cat-beauty","7":"desktop-align-left","8":"tablet-align-left","9":"mobile-align-left","11":"first","12":"instock","13":"product-type-external"},"yoast_head":"<!-- This site is optimized with the Yoast SEO plugin v24.7 - https:\/\/yoast.com\/wordpress\/plugins\/seo\/ -->\n<title>Toilettenpapier BAMBUS (1 Palette) &#060;<\/title>\n<meta name=\"robots\" content=\"index, follow, max-snippet:-1, max-image-preview:large, max-video-preview:-1\" \/>\n<link rel=\"canonical\" href=\"https:\/\/www.aloe-vera-produkte-kaufen.de\/gesundheit\/produkt\/toilettenpapier-bambus-1-palette\/\" \/>\n<meta property=\"og:locale\" content=\"de_DE\" \/>\n<meta property=\"og:type\" content=\"article\" \/>\n<meta property=\"og:title\" content=\"Toilettenpapier BAMBUS (1 Palette) &#060;\" \/>\n<meta property=\"og:description\" content=\"Produktdetails. 1.260 (210 x 6) Rollen \u00e0 150 Blatt, 3-lagig. 60% Bambus erg\u00e4nzt durch frischen Zellstoff. Ressourcenschonend hergestellt. komplett plastikfrei und vegan. Made in Germany. Von Asien in die Po-Ebene. Der Bambuszellstoff f\u00fcr unser Toilettenpapier kommt aus den L\u00e4ndern der aufgehenden Sonne, die Weiterverarbeitung zu einem unserer weichsten und rei\u00df festesten Toilettenpapiere erledigen wir hier [&hellip;]\" \/>\n<meta property=\"og:url\" content=\"https:\/\/www.aloe-vera-produkte-kaufen.de\/gesundheit\/produkt\/toilettenpapier-bambus-1-palette\/\" \/>\n<meta property=\"article:modified_time\" content=\"2024-03-06T11:45:12+00:00\" \/>\n<meta property=\"og:image\" content=\"https:\/\/www.aloe-vera-produkte-kaufen.de\/gesundheit\/wp-content\/uploads\/2024\/03\/rd_topa-bambus-beutel-mit-rolle_700x_76419a4a-9dc5-4149-94a8-a3714ef1e852.webp\" \/>\n\t<meta property=\"og:image:width\" content=\"700\" \/>\n\t<meta property=\"og:image:height\" content=\"700\" \/>\n\t<meta property=\"og:image:type\" content=\"image\/jpeg\" \/>\n<meta name=\"twitter:card\" content=\"summary_large_image\" \/>\n<meta name=\"twitter:label1\" content=\"Gesch\u00e4tzte Lesezeit\" \/>\n\t<meta name=\"twitter:data1\" content=\"1\u00a0Minute\" \/>\n<script type=\"application\/ld+json\" class=\"yoast-schema-graph\">{\"@context\":\"https:\/\/schema.org\",\"@graph\":[{\"@type\":\"WebPage\",\"@id\":\"https:\/\/www.aloe-vera-produkte-kaufen.de\/gesundheit\/produkt\/toilettenpapier-bambus-1-palette\/\",\"url\":\"https:\/\/www.aloe-vera-produkte-kaufen.de\/gesundheit\/produkt\/toilettenpapier-bambus-1-palette\/\",\"name\":\"Toilettenpapier BAMBUS (1 Palette) &#060;\",\"isPartOf\":{\"@id\":\"https:\/\/www.aloe-vera-produkte-kaufen.de\/gesundheit\/#website\"},\"primaryImageOfPage\":{\"@id\":\"https:\/\/www.aloe-vera-produkte-kaufen.de\/gesundheit\/produkt\/toilettenpapier-bambus-1-palette\/#primaryimage\"},\"image\":{\"@id\":\"https:\/\/www.aloe-vera-produkte-kaufen.de\/gesundheit\/produkt\/toilettenpapier-bambus-1-palette\/#primaryimage\"},\"thumbnailUrl\":\"https:\/\/www.aloe-vera-produkte-kaufen.de\/gesundheit\/wp-content\/uploads\/2024\/03\/rd_topa-bambus-beutel-mit-rolle_700x_76419a4a-9dc5-4149-94a8-a3714ef1e852.webp\",\"datePublished\":\"2024-03-06T11:45:10+00:00\",\"dateModified\":\"2024-03-06T11:45:12+00:00\",\"breadcrumb\":{\"@id\":\"https:\/\/www.aloe-vera-produkte-kaufen.de\/gesundheit\/produkt\/toilettenpapier-bambus-1-palette\/#breadcrumb\"},\"inLanguage\":\"de\",\"potentialAction\":[{\"@type\":\"ReadAction\",\"target\":[\"https:\/\/www.aloe-vera-produkte-kaufen.de\/gesundheit\/produkt\/toilettenpapier-bambus-1-palette\/\"]}]},{\"@type\":\"ImageObject\",\"inLanguage\":\"de\",\"@id\":\"https:\/\/www.aloe-vera-produkte-kaufen.de\/gesundheit\/produkt\/toilettenpapier-bambus-1-palette\/#primaryimage\",\"url\":\"https:\/\/www.aloe-vera-produkte-kaufen.de\/gesundheit\/wp-content\/uploads\/2024\/03\/rd_topa-bambus-beutel-mit-rolle_700x_76419a4a-9dc5-4149-94a8-a3714ef1e852.webp\",\"contentUrl\":\"https:\/\/www.aloe-vera-produkte-kaufen.de\/gesundheit\/wp-content\/uploads\/2024\/03\/rd_topa-bambus-beutel-mit-rolle_700x_76419a4a-9dc5-4149-94a8-a3714ef1e852.webp\",\"width\":700,\"height\":700},{\"@type\":\"BreadcrumbList\",\"@id\":\"https:\/\/www.aloe-vera-produkte-kaufen.de\/gesundheit\/produkt\/toilettenpapier-bambus-1-palette\/#breadcrumb\",\"itemListElement\":[{\"@type\":\"ListItem\",\"position\":1,\"name\":\"Startseite\",\"item\":\"https:\/\/www.aloe-vera-produkte-kaufen.de\/gesundheit\/\"},{\"@type\":\"ListItem\",\"position\":2,\"name\":\"Shop\",\"item\":\"https:\/\/www.aloe-vera-produkte-kaufen.de\/gesundheit\/shop-2\/\"},{\"@type\":\"ListItem\",\"position\":3,\"name\":\"Toilettenpapier BAMBUS (1 Palette)\"}]},{\"@type\":\"WebSite\",\"@id\":\"https:\/\/www.aloe-vera-produkte-kaufen.de\/gesundheit\/#website\",\"url\":\"https:\/\/www.aloe-vera-produkte-kaufen.de\/gesundheit\/\",\"name\":\"\",\"description\":\"\",\"potentialAction\":[{\"@type\":\"SearchAction\",\"target\":{\"@type\":\"EntryPoint\",\"urlTemplate\":\"https:\/\/www.aloe-vera-produkte-kaufen.de\/gesundheit\/?s={search_term_string}\"},\"query-input\":{\"@type\":\"PropertyValueSpecification\",\"valueRequired\":true,\"valueName\":\"search_term_string\"}}],\"inLanguage\":\"de\"}]}<\/script>\n<!-- \/ Yoast SEO plugin. -->","yoast_head_json":{"title":"Toilettenpapier BAMBUS (1 Palette) &#060;","robots":{"index":"index","follow":"follow","max-snippet":"max-snippet:-1","max-image-preview":"max-image-preview:large","max-video-preview":"max-video-preview:-1"},"canonical":"https:\/\/www.aloe-vera-produkte-kaufen.de\/gesundheit\/produkt\/toilettenpapier-bambus-1-palette\/","og_locale":"de_DE","og_type":"article","og_title":"Toilettenpapier BAMBUS (1 Palette) &#060;","og_description":"Produktdetails. 1.260 (210 x 6) Rollen \u00e0 150 Blatt, 3-lagig. 60% Bambus erg\u00e4nzt durch frischen Zellstoff. Ressourcenschonend hergestellt. komplett plastikfrei und vegan. Made in Germany. Von Asien in die Po-Ebene. Der Bambuszellstoff f\u00fcr unser Toilettenpapier kommt aus den L\u00e4ndern der aufgehenden Sonne, die Weiterverarbeitung zu einem unserer weichsten und rei\u00df festesten Toilettenpapiere erledigen wir hier [&hellip;]","og_url":"https:\/\/www.aloe-vera-produkte-kaufen.de\/gesundheit\/produkt\/toilettenpapier-bambus-1-palette\/","article_modified_time":"2024-03-06T11:45:12+00:00","og_image":[{"width":700,"height":700,"url":"https:\/\/www.aloe-vera-produkte-kaufen.de\/gesundheit\/wp-content\/uploads\/2024\/03\/rd_topa-bambus-beutel-mit-rolle_700x_76419a4a-9dc5-4149-94a8-a3714ef1e852.webp","type":"image\/jpeg"}],"twitter_card":"summary_large_image","twitter_misc":{"Gesch\u00e4tzte Lesezeit":"1\u00a0Minute"},"schema":{"@context":"https:\/\/schema.org","@graph":[{"@type":"WebPage","@id":"https:\/\/www.aloe-vera-produkte-kaufen.de\/gesundheit\/produkt\/toilettenpapier-bambus-1-palette\/","url":"https:\/\/www.aloe-vera-produkte-kaufen.de\/gesundheit\/produkt\/toilettenpapier-bambus-1-palette\/","name":"Toilettenpapier BAMBUS (1 Palette) &#060;","isPartOf":{"@id":"https:\/\/www.aloe-vera-produkte-kaufen.de\/gesundheit\/#website"},"primaryImageOfPage":{"@id":"https:\/\/www.aloe-vera-produkte-kaufen.de\/gesundheit\/produkt\/toilettenpapier-bambus-1-palette\/#primaryimage"},"image":{"@id":"https:\/\/www.aloe-vera-produkte-kaufen.de\/gesundheit\/produkt\/toilettenpapier-bambus-1-palette\/#primaryimage"},"thumbnailUrl":"https:\/\/www.aloe-vera-produkte-kaufen.de\/gesundheit\/wp-content\/uploads\/2024\/03\/rd_topa-bambus-beutel-mit-rolle_700x_76419a4a-9dc5-4149-94a8-a3714ef1e852.webp","datePublished":"2024-03-06T11:45:10+00:00","dateModified":"2024-03-06T11:45:12+00:00","breadcrumb":{"@id":"https:\/\/www.aloe-vera-produkte-kaufen.de\/gesundheit\/produkt\/toilettenpapier-bambus-1-palette\/#breadcrumb"},"inLanguage":"de","potentialAction":[{"@type":"ReadAction","target":["https:\/\/www.aloe-vera-produkte-kaufen.de\/gesundheit\/produkt\/toilettenpapier-bambus-1-palette\/"]}]},{"@type":"ImageObject","inLanguage":"de","@id":"https:\/\/www.aloe-vera-produkte-kaufen.de\/gesundheit\/produkt\/toilettenpapier-bambus-1-palette\/#primaryimage","url":"https:\/\/www.aloe-vera-produkte-kaufen.de\/gesundheit\/wp-content\/uploads\/2024\/03\/rd_topa-bambus-beutel-mit-rolle_700x_76419a4a-9dc5-4149-94a8-a3714ef1e852.webp","contentUrl":"https:\/\/www.aloe-vera-produkte-kaufen.de\/gesundheit\/wp-content\/uploads\/2024\/03\/rd_topa-bambus-beutel-mit-rolle_700x_76419a4a-9dc5-4149-94a8-a3714ef1e852.webp","width":700,"height":700},{"@type":"BreadcrumbList","@id":"https:\/\/www.aloe-vera-produkte-kaufen.de\/gesundheit\/produkt\/toilettenpapier-bambus-1-palette\/#breadcrumb","itemListElement":[{"@type":"ListItem","position":1,"name":"Startseite","item":"https:\/\/www.aloe-vera-produkte-kaufen.de\/gesundheit\/"},{"@type":"ListItem","position":2,"name":"Shop","item":"https:\/\/www.aloe-vera-produkte-kaufen.de\/gesundheit\/shop-2\/"},{"@type":"ListItem","position":3,"name":"Toilettenpapier BAMBUS (1 Palette)"}]},{"@type":"WebSite","@id":"https:\/\/www.aloe-vera-produkte-kaufen.de\/gesundheit\/#website","url":"https:\/\/www.aloe-vera-produkte-kaufen.de\/gesundheit\/","name":"","description":"","potentialAction":[{"@type":"SearchAction","target":{"@type":"EntryPoint","urlTemplate":"https:\/\/www.aloe-vera-produkte-kaufen.de\/gesundheit\/?s={search_term_string}"},"query-input":{"@type":"PropertyValueSpecification","valueRequired":true,"valueName":"search_term_string"}}],"inLanguage":"de"}]}},"_links":{"self":[{"href":"https:\/\/www.aloe-vera-produkte-kaufen.de\/gesundheit\/wp-json\/wp\/v2\/product\/2026","targetHints":{"allow":["GET"]}}],"collection":[{"href":"https:\/\/www.aloe-vera-produkte-kaufen.de\/gesundheit\/wp-json\/wp\/v2\/product"}],"about":[{"href":"https:\/\/www.aloe-vera-produkte-kaufen.de\/gesundheit\/wp-json\/wp\/v2\/types\/product"}],"replies":[{"embeddable":true,"href":"https:\/\/www.aloe-vera-produkte-kaufen.de\/gesundheit\/wp-json\/wp\/v2\/comments?post=2026"}],"wp:featuredmedia":[{"embeddable":true,"href":"https:\/\/www.aloe-vera-produkte-kaufen.de\/gesundheit\/wp-json\/wp\/v2\/media\/2360"}],"wp:attachment":[{"href":"https:\/\/www.aloe-vera-produkte-kaufen.de\/gesundheit\/wp-json\/wp\/v2\/media?parent=2026"}],"wp:term":[{"taxonomy":"product_brand","embeddable":true,"href":"https:\/\/www.aloe-vera-produkte-kaufen.de\/gesundheit\/wp-json\/wp\/v2\/product_brand?post=2026"},{"taxonomy":"product_cat","embeddable":true,"href":"https:\/\/www.aloe-vera-produkte-kaufen.de\/gesundheit\/wp-json\/wp\/v2\/product_cat?post=2026"},{"taxonomy":"product_tag","embeddable":true,"href":"https:\/\/www.aloe-vera-produkte-kaufen.de\/gesundheit\/wp-json\/wp\/v2\/product_tag?post=2026"}],"curies":[{"name":"wp","href":"https:\/\/api.w.org\/{rel}","templated":true}]}}