{"id":2022,"date":"2024-03-06T12:45:10","date_gmt":"2024-03-06T11:45:10","guid":{"rendered":"https:\/\/www.aloe-vera-produkte-kaufen.de\/gesundheit\/produkt\/starterset-profi\/"},"modified":"2024-03-06T12:45:10","modified_gmt":"2024-03-06T11:45:10","slug":"starterset-profi","status":"publish","type":"product","link":"https:\/\/www.aloe-vera-produkte-kaufen.de\/gesundheit\/produkt\/starterset-profi\/","title":{"rendered":"Starterset PROFI"},"content":{"rendered":"<p>Produktdetails. Inhalt: 3x verschiedene Putzmitteltabs (3x Glas, 3x Bad, 3x K\u00fcche) + 3x Glasflaschen. F\u00fcr je 500 ml Glas-, Bad- oder K\u00fcchenreiniger. kraftvoll gegen Schmutz, Kalk und Fett. Spr\u00fchkopf der Glasflasche aus 30% recyceltem Plastik (PCR). Glasflasche zu 100% recycelbar. Made in Germany. Mehr Sauberkeit f\u00fcr Dein gesamtes Zuhause. Die perfekte Grundausstattung f\u00fcr Deinen nachhaltigen Haushaltsputz. Stell Deine Reiniger ab sofort einfach zuhause selbst her und spare dabei eine Einwegplastikflasche pro Putzmitteltab.. Die oecolife Tabs sind kraftvoll gegen allt\u00e4glichen Schmutz, Kalk und Fett. So macht Putzen Spa\u00df, spart Plastik und hinterl\u00e4sst nichts als Reinheit und Frische f\u00fcr ein gutes Gef\u00fchl und eine saubere Umwelt.. Das beinhaltet unser Starterset. oecolife Glasreiniger* &#8211; f\u00fcr klare Sicht auf das Wesentliche:. entfernt Flecken und Schlieren auf Glas- und Spiegelfl\u00e4chen. streifenfreie Sauberkeit ohne unn\u00f6tige Inhaltsstoffe. oecolife Badreiniger* &#8211; nichts als Glanz im Handumdrehen:. entfernt\u00a0Kalk- und Seifenreste M\u00fchelos. zarter Duft nach Zitronengras f\u00fcr extra Frische. oecolife\u00a0K\u00fcchenreiniger* &#8211;\u00a0f\u00fcr nachhaltige und strahlende Sauberkeit:. entfernt\u00a0m\u00fchelos Schmutz und Fettflecken. Reinheit und dezente Citrusfrische als Ergebnis. *Achtung: F\u00fcr empfindliche Materialien wie Natursteine, Marmor oder Acryloberfl\u00e4chen sind unsere Reiniger ungeeignet, da sie Zitronens\u00e4ure enthalten.. So wirds gemacht. F\u00fclle die Flasche mit 500 ml warmem Leitungswasser (mind. 20\u00b0C bis max. 80\u00b0C) auf. Lass dabei etwas Luft in der Flasche, damit die Fl\u00fcssigkeit nicht \u00fcbersch\u00e4umt.. Warte bis sich der Tab vollst\u00e4ndig aufgel\u00f6st hat (5-10 Minuten), bevor Du den Spr\u00fchkopf aufschraubst.. Schraube den Spr\u00fchkopf auf und sch\u00fcttele die Flasche ein wenig. Fertig!. Bitte beachte: Wir versenden Deine Tabs nat\u00fcrlich plastikfrei. Bitte achte daher auf eine trockene und k\u00fchle Lagerung.. Unser Partner DHL GoGreen liefert Dir die Produkte innerhalb von 2-3 Werktagen zuverl\u00e4ssig und CO2-neutral nach Hause.. Sicherheitsdatenbl\u00e4tter und Inhaltsstoffe k\u00f6nnen\u00a0nachfolgend\u00a0eingesehen werden:\u00a0Badreiniger,\u00a0Glasreiniger\u00a0und\u00a0K\u00fcchenreiniger<\/p>\n<p>EUR26.00<\/p>\n<p>&nbsp;<\/p>\n<p>&nbsp;<\/p>\n","protected":false},"excerpt":{"rendered":"<p>Produktdetails. Inhalt: 3x verschiedene Putzmitteltabs (3x Glas, 3x Bad, 3x K\u00fcche) + 3x Glasflaschen. F\u00fcr je 500 ml Glas-, Bad- oder K\u00fcchenreiniger. kraftvoll gegen Schmutz, Kalk und Fett. Spr\u00fchkopf der Glasflasche aus 30% recyceltem Plastik (PCR). Glasflasche zu 100% recycelbar. Made in Germany. Mehr Sauberkeit f\u00fcr Dein gesamtes Zuhause. Die perfekte Grundausstattung f\u00fcr Deinen nachhaltigen [&hellip;]<\/p>\n","protected":false},"featured_media":2358,"comment_status":"closed","ping_status":"open","template":"","meta":{"site-sidebar-layout":"default","site-content-layout":"","ast-site-content-layout":"","site-content-style":"default","site-sidebar-style":"default","ast-global-header-display":"","ast-banner-title-visibility":"","ast-main-header-display":"","ast-hfb-above-header-display":"","ast-hfb-below-header-display":"","ast-hfb-mobile-header-display":"","site-post-title":"","ast-breadcrumbs-content":"","ast-featured-img":"","footer-sml-layout":"","theme-transparent-header-meta":"","adv-header-id-meta":"","stick-header-meta":"","header-above-stick-meta":"","header-main-stick-meta":"","header-below-stick-meta":"","astra-migrate-meta-layouts":"default","ast-page-background-enabled":"default","ast-page-background-meta":{"desktop":{"background-color":"var(--ast-global-color-4)","background-image":"","background-repeat":"repeat","background-position":"center center","background-size":"auto","background-attachment":"scroll","background-type":"","background-media":"","overlay-type":"","overlay-color":"","overlay-opacity":"","overlay-gradient":""},"tablet":{"background-color":"","background-image":"","background-repeat":"repeat","background-position":"center center","background-size":"auto","background-attachment":"scroll","background-type":"","background-media":"","overlay-type":"","overlay-color":"","overlay-opacity":"","overlay-gradient":""},"mobile":{"background-color":"","background-image":"","background-repeat":"repeat","background-position":"center center","background-size":"auto","background-attachment":"scroll","background-type":"","background-media":"","overlay-type":"","overlay-color":"","overlay-opacity":"","overlay-gradient":""}},"ast-content-background-meta":{"desktop":{"background-color":"var(--ast-global-color-5)","background-image":"","background-repeat":"repeat","background-position":"center center","background-size":"auto","background-attachment":"scroll","background-type":"","background-media":"","overlay-type":"","overlay-color":"","overlay-opacity":"","overlay-gradient":""},"tablet":{"background-color":"var(--ast-global-color-5)","background-image":"","background-repeat":"repeat","background-position":"center center","background-size":"auto","background-attachment":"scroll","background-type":"","background-media":"","overlay-type":"","overlay-color":"","overlay-opacity":"","overlay-gradient":""},"mobile":{"background-color":"var(--ast-global-color-5)","background-image":"","background-repeat":"repeat","background-position":"center center","background-size":"auto","background-attachment":"scroll","background-type":"","background-media":"","overlay-type":"","overlay-color":"","overlay-opacity":"","overlay-gradient":""}}},"product_brand":[],"product_cat":[38],"product_tag":[],"class_list":{"0":"post-2022","1":"product","2":"type-product","3":"status-publish","4":"has-post-thumbnail","6":"product_cat-beauty","7":"desktop-align-left","8":"tablet-align-left","9":"mobile-align-left","11":"first","12":"instock","13":"product-type-external"},"yoast_head":"<!-- This site is optimized with the Yoast SEO plugin v24.7 - https:\/\/yoast.com\/wordpress\/plugins\/seo\/ -->\n<title>Starterset PROFI &#060;<\/title>\n<meta name=\"robots\" content=\"index, follow, max-snippet:-1, max-image-preview:large, max-video-preview:-1\" \/>\n<link rel=\"canonical\" href=\"https:\/\/www.aloe-vera-produkte-kaufen.de\/gesundheit\/produkt\/starterset-profi\/\" \/>\n<meta property=\"og:locale\" content=\"de_DE\" \/>\n<meta property=\"og:type\" content=\"article\" \/>\n<meta property=\"og:title\" content=\"Starterset PROFI &#060;\" \/>\n<meta property=\"og:description\" content=\"Produktdetails. Inhalt: 3x verschiedene Putzmitteltabs (3x Glas, 3x Bad, 3x K\u00fcche) + 3x Glasflaschen. F\u00fcr je 500 ml Glas-, Bad- oder K\u00fcchenreiniger. kraftvoll gegen Schmutz, Kalk und Fett. Spr\u00fchkopf der Glasflasche aus 30% recyceltem Plastik (PCR). Glasflasche zu 100% recycelbar. Made in Germany. Mehr Sauberkeit f\u00fcr Dein gesamtes Zuhause. Die perfekte Grundausstattung f\u00fcr Deinen nachhaltigen [&hellip;]\" \/>\n<meta property=\"og:url\" content=\"https:\/\/www.aloe-vera-produkte-kaufen.de\/gesundheit\/produkt\/starterset-profi\/\" \/>\n<meta property=\"og:image\" content=\"https:\/\/www.aloe-vera-produkte-kaufen.de\/gesundheit\/wp-content\/uploads\/2024\/03\/profiset-tabs.webp\" \/>\n\t<meta property=\"og:image:width\" content=\"700\" \/>\n\t<meta property=\"og:image:height\" content=\"700\" \/>\n\t<meta property=\"og:image:type\" content=\"image\/jpeg\" \/>\n<meta name=\"twitter:card\" content=\"summary_large_image\" \/>\n<meta name=\"twitter:label1\" content=\"Gesch\u00e4tzte Lesezeit\" \/>\n\t<meta name=\"twitter:data1\" content=\"2\u00a0Minuten\" \/>\n<script type=\"application\/ld+json\" class=\"yoast-schema-graph\">{\"@context\":\"https:\/\/schema.org\",\"@graph\":[{\"@type\":\"WebPage\",\"@id\":\"https:\/\/www.aloe-vera-produkte-kaufen.de\/gesundheit\/produkt\/starterset-profi\/\",\"url\":\"https:\/\/www.aloe-vera-produkte-kaufen.de\/gesundheit\/produkt\/starterset-profi\/\",\"name\":\"Starterset PROFI &#060;\",\"isPartOf\":{\"@id\":\"https:\/\/www.aloe-vera-produkte-kaufen.de\/gesundheit\/#website\"},\"primaryImageOfPage\":{\"@id\":\"https:\/\/www.aloe-vera-produkte-kaufen.de\/gesundheit\/produkt\/starterset-profi\/#primaryimage\"},\"image\":{\"@id\":\"https:\/\/www.aloe-vera-produkte-kaufen.de\/gesundheit\/produkt\/starterset-profi\/#primaryimage\"},\"thumbnailUrl\":\"https:\/\/www.aloe-vera-produkte-kaufen.de\/gesundheit\/wp-content\/uploads\/2024\/03\/profiset-tabs.webp\",\"datePublished\":\"2024-03-06T11:45:10+00:00\",\"breadcrumb\":{\"@id\":\"https:\/\/www.aloe-vera-produkte-kaufen.de\/gesundheit\/produkt\/starterset-profi\/#breadcrumb\"},\"inLanguage\":\"de\",\"potentialAction\":[{\"@type\":\"ReadAction\",\"target\":[\"https:\/\/www.aloe-vera-produkte-kaufen.de\/gesundheit\/produkt\/starterset-profi\/\"]}]},{\"@type\":\"ImageObject\",\"inLanguage\":\"de\",\"@id\":\"https:\/\/www.aloe-vera-produkte-kaufen.de\/gesundheit\/produkt\/starterset-profi\/#primaryimage\",\"url\":\"https:\/\/www.aloe-vera-produkte-kaufen.de\/gesundheit\/wp-content\/uploads\/2024\/03\/profiset-tabs.webp\",\"contentUrl\":\"https:\/\/www.aloe-vera-produkte-kaufen.de\/gesundheit\/wp-content\/uploads\/2024\/03\/profiset-tabs.webp\",\"width\":700,\"height\":700},{\"@type\":\"BreadcrumbList\",\"@id\":\"https:\/\/www.aloe-vera-produkte-kaufen.de\/gesundheit\/produkt\/starterset-profi\/#breadcrumb\",\"itemListElement\":[{\"@type\":\"ListItem\",\"position\":1,\"name\":\"Startseite\",\"item\":\"https:\/\/www.aloe-vera-produkte-kaufen.de\/gesundheit\/\"},{\"@type\":\"ListItem\",\"position\":2,\"name\":\"Shop\",\"item\":\"https:\/\/www.aloe-vera-produkte-kaufen.de\/gesundheit\/shop-2\/\"},{\"@type\":\"ListItem\",\"position\":3,\"name\":\"Starterset PROFI\"}]},{\"@type\":\"WebSite\",\"@id\":\"https:\/\/www.aloe-vera-produkte-kaufen.de\/gesundheit\/#website\",\"url\":\"https:\/\/www.aloe-vera-produkte-kaufen.de\/gesundheit\/\",\"name\":\"\",\"description\":\"\",\"potentialAction\":[{\"@type\":\"SearchAction\",\"target\":{\"@type\":\"EntryPoint\",\"urlTemplate\":\"https:\/\/www.aloe-vera-produkte-kaufen.de\/gesundheit\/?s={search_term_string}\"},\"query-input\":{\"@type\":\"PropertyValueSpecification\",\"valueRequired\":true,\"valueName\":\"search_term_string\"}}],\"inLanguage\":\"de\"}]}<\/script>\n<!-- \/ Yoast SEO plugin. -->","yoast_head_json":{"title":"Starterset PROFI &#060;","robots":{"index":"index","follow":"follow","max-snippet":"max-snippet:-1","max-image-preview":"max-image-preview:large","max-video-preview":"max-video-preview:-1"},"canonical":"https:\/\/www.aloe-vera-produkte-kaufen.de\/gesundheit\/produkt\/starterset-profi\/","og_locale":"de_DE","og_type":"article","og_title":"Starterset PROFI &#060;","og_description":"Produktdetails. Inhalt: 3x verschiedene Putzmitteltabs (3x Glas, 3x Bad, 3x K\u00fcche) + 3x Glasflaschen. F\u00fcr je 500 ml Glas-, Bad- oder K\u00fcchenreiniger. kraftvoll gegen Schmutz, Kalk und Fett. Spr\u00fchkopf der Glasflasche aus 30% recyceltem Plastik (PCR). Glasflasche zu 100% recycelbar. Made in Germany. Mehr Sauberkeit f\u00fcr Dein gesamtes Zuhause. Die perfekte Grundausstattung f\u00fcr Deinen nachhaltigen [&hellip;]","og_url":"https:\/\/www.aloe-vera-produkte-kaufen.de\/gesundheit\/produkt\/starterset-profi\/","og_image":[{"width":700,"height":700,"url":"https:\/\/www.aloe-vera-produkte-kaufen.de\/gesundheit\/wp-content\/uploads\/2024\/03\/profiset-tabs.webp","type":"image\/jpeg"}],"twitter_card":"summary_large_image","twitter_misc":{"Gesch\u00e4tzte Lesezeit":"2\u00a0Minuten"},"schema":{"@context":"https:\/\/schema.org","@graph":[{"@type":"WebPage","@id":"https:\/\/www.aloe-vera-produkte-kaufen.de\/gesundheit\/produkt\/starterset-profi\/","url":"https:\/\/www.aloe-vera-produkte-kaufen.de\/gesundheit\/produkt\/starterset-profi\/","name":"Starterset PROFI &#060;","isPartOf":{"@id":"https:\/\/www.aloe-vera-produkte-kaufen.de\/gesundheit\/#website"},"primaryImageOfPage":{"@id":"https:\/\/www.aloe-vera-produkte-kaufen.de\/gesundheit\/produkt\/starterset-profi\/#primaryimage"},"image":{"@id":"https:\/\/www.aloe-vera-produkte-kaufen.de\/gesundheit\/produkt\/starterset-profi\/#primaryimage"},"thumbnailUrl":"https:\/\/www.aloe-vera-produkte-kaufen.de\/gesundheit\/wp-content\/uploads\/2024\/03\/profiset-tabs.webp","datePublished":"2024-03-06T11:45:10+00:00","breadcrumb":{"@id":"https:\/\/www.aloe-vera-produkte-kaufen.de\/gesundheit\/produkt\/starterset-profi\/#breadcrumb"},"inLanguage":"de","potentialAction":[{"@type":"ReadAction","target":["https:\/\/www.aloe-vera-produkte-kaufen.de\/gesundheit\/produkt\/starterset-profi\/"]}]},{"@type":"ImageObject","inLanguage":"de","@id":"https:\/\/www.aloe-vera-produkte-kaufen.de\/gesundheit\/produkt\/starterset-profi\/#primaryimage","url":"https:\/\/www.aloe-vera-produkte-kaufen.de\/gesundheit\/wp-content\/uploads\/2024\/03\/profiset-tabs.webp","contentUrl":"https:\/\/www.aloe-vera-produkte-kaufen.de\/gesundheit\/wp-content\/uploads\/2024\/03\/profiset-tabs.webp","width":700,"height":700},{"@type":"BreadcrumbList","@id":"https:\/\/www.aloe-vera-produkte-kaufen.de\/gesundheit\/produkt\/starterset-profi\/#breadcrumb","itemListElement":[{"@type":"ListItem","position":1,"name":"Startseite","item":"https:\/\/www.aloe-vera-produkte-kaufen.de\/gesundheit\/"},{"@type":"ListItem","position":2,"name":"Shop","item":"https:\/\/www.aloe-vera-produkte-kaufen.de\/gesundheit\/shop-2\/"},{"@type":"ListItem","position":3,"name":"Starterset PROFI"}]},{"@type":"WebSite","@id":"https:\/\/www.aloe-vera-produkte-kaufen.de\/gesundheit\/#website","url":"https:\/\/www.aloe-vera-produkte-kaufen.de\/gesundheit\/","name":"","description":"","potentialAction":[{"@type":"SearchAction","target":{"@type":"EntryPoint","urlTemplate":"https:\/\/www.aloe-vera-produkte-kaufen.de\/gesundheit\/?s={search_term_string}"},"query-input":{"@type":"PropertyValueSpecification","valueRequired":true,"valueName":"search_term_string"}}],"inLanguage":"de"}]}},"_links":{"self":[{"href":"https:\/\/www.aloe-vera-produkte-kaufen.de\/gesundheit\/wp-json\/wp\/v2\/product\/2022","targetHints":{"allow":["GET"]}}],"collection":[{"href":"https:\/\/www.aloe-vera-produkte-kaufen.de\/gesundheit\/wp-json\/wp\/v2\/product"}],"about":[{"href":"https:\/\/www.aloe-vera-produkte-kaufen.de\/gesundheit\/wp-json\/wp\/v2\/types\/product"}],"replies":[{"embeddable":true,"href":"https:\/\/www.aloe-vera-produkte-kaufen.de\/gesundheit\/wp-json\/wp\/v2\/comments?post=2022"}],"wp:featuredmedia":[{"embeddable":true,"href":"https:\/\/www.aloe-vera-produkte-kaufen.de\/gesundheit\/wp-json\/wp\/v2\/media\/2358"}],"wp:attachment":[{"href":"https:\/\/www.aloe-vera-produkte-kaufen.de\/gesundheit\/wp-json\/wp\/v2\/media?parent=2022"}],"wp:term":[{"taxonomy":"product_brand","embeddable":true,"href":"https:\/\/www.aloe-vera-produkte-kaufen.de\/gesundheit\/wp-json\/wp\/v2\/product_brand?post=2022"},{"taxonomy":"product_cat","embeddable":true,"href":"https:\/\/www.aloe-vera-produkte-kaufen.de\/gesundheit\/wp-json\/wp\/v2\/product_cat?post=2022"},{"taxonomy":"product_tag","embeddable":true,"href":"https:\/\/www.aloe-vera-produkte-kaufen.de\/gesundheit\/wp-json\/wp\/v2\/product_tag?post=2022"}],"curies":[{"name":"wp","href":"https:\/\/api.w.org\/{rel}","templated":true}]}}