{"id":1887,"date":"2024-03-06T12:44:19","date_gmt":"2024-03-06T11:44:19","guid":{"rendered":"https:\/\/www.aloe-vera-produkte-kaufen.de\/gesundheit\/produkt\/feste-bodybutter-coconut-2\/"},"modified":"2024-03-06T12:44:30","modified_gmt":"2024-03-06T11:44:30","slug":"feste-bodybutter-coconut-2","status":"publish","type":"product","link":"https:\/\/www.aloe-vera-produkte-kaufen.de\/gesundheit\/produkt\/feste-bodybutter-coconut-2\/","title":{"rendered":"Feste Bodybutter Coconut"},"content":{"rendered":"<p>Produktdetails. 45g feste K\u00f6rperbutter. Naturkosmetik\u00a0Made in Germany. 100% plastikfrei, im biologisch abbaubaren Papier-Stick. perfekt f\u00fcr daheim und unterwegs. verfeinert mit wertvollen Bio-\u00d6len. Voll fett. Fettet aber nicht. Unsere K\u00f6rperbutter aus rein pflanzlichen und nachhaltig produzierten Inhaltsstoffen ist pickepackevoll mit n\u00e4hrenden \u00d6len und enth\u00e4lt wohlduftende Sheabutter. Sie verleiht deiner Haut eine angenehme Samtigkeit, spendet Feuchtigkeit und zieht vor allem gut ein. Das hei\u00dft, die Haut wird ausreichend mit allem versorgt, was sie f\u00fcr ihre Gesundheit braucht, ohne dass sie noch stundenlang gl\u00e4nzt wie eine Speckschwarte. Die Butter eignet sich damit \u00fcbrigens f\u00fcr alle Partien deiner Haut, also sollten wir sie vielleicht besser in K\u00f6rper-Hand-Gesicht-Butter umtaufen\u2026. Darauf kannst du dich verlassen. ausschlie\u00dflich nat\u00fcrliche Inhaltsstoffe. ohne Palm- und Mineral\u00f6l. ohne Schadstoffe und Mikroplastik. vegan und nicht an Tieren getestet. So geht das. Nimm zum Auftragen einfach den Deckel ab und dr\u00fccke die untere Seite der Verpackung mit dem Finger nach oben. So schiebst du die K\u00f6rperbutter aus der Papierh\u00fclse und kannst sie auftragen.. Im Deckel ist \u00fcbrigens ausreichend Platz, so dass der Stick auch schon einmal etwas aus der H\u00fclse herausschauen kann. Kein Stress also, wenn der Stick mal etwas zu weit heraussteht.. Das ist drin. Butyrospermum Parkii Butter (Sheabutter)*, Cocos Nucifera Oil (Kokos\u00f6l)*, Simmondsia Chinensis Seed Oil (Jojoba\u00f6l)*, Helianthus Annuus Seed Wax (Sonnenblumenwachs), Parfum**. * aus kontrolliert biologischem Anbau. ** aus nat\u00fcrlicher Duftkomposition. Unser Partner DHL GoGreen liefert Dir die Produkte innerhalb von 2-3 Werktagen zuverl\u00e4ssig und CO2-neutral nach Hause.<\/p>\n<p>EUR5.95<\/p>\n<p>&nbsp;<\/p>\n<p>&nbsp;<\/p>\n","protected":false},"excerpt":{"rendered":"<p>Produktdetails. 45g feste K\u00f6rperbutter. Naturkosmetik\u00a0Made in Germany. 100% plastikfrei, im biologisch abbaubaren Papier-Stick. perfekt f\u00fcr daheim und unterwegs. verfeinert mit wertvollen Bio-\u00d6len. Voll fett. Fettet aber nicht. Unsere K\u00f6rperbutter aus rein pflanzlichen und nachhaltig produzierten Inhaltsstoffen ist pickepackevoll mit n\u00e4hrenden \u00d6len und enth\u00e4lt wohlduftende Sheabutter. Sie verleiht deiner Haut eine angenehme Samtigkeit, spendet Feuchtigkeit und [&hellip;]<\/p>\n","protected":false},"featured_media":2305,"comment_status":"closed","ping_status":"open","template":"","meta":{"site-sidebar-layout":"default","site-content-layout":"","ast-site-content-layout":"","site-content-style":"default","site-sidebar-style":"default","ast-global-header-display":"","ast-banner-title-visibility":"","ast-main-header-display":"","ast-hfb-above-header-display":"","ast-hfb-below-header-display":"","ast-hfb-mobile-header-display":"","site-post-title":"","ast-breadcrumbs-content":"","ast-featured-img":"","footer-sml-layout":"","theme-transparent-header-meta":"","adv-header-id-meta":"","stick-header-meta":"","header-above-stick-meta":"","header-main-stick-meta":"","header-below-stick-meta":"","astra-migrate-meta-layouts":"default","ast-page-background-enabled":"default","ast-page-background-meta":{"desktop":{"background-color":"var(--ast-global-color-4)","background-image":"","background-repeat":"repeat","background-position":"center center","background-size":"auto","background-attachment":"scroll","background-type":"","background-media":"","overlay-type":"","overlay-color":"","overlay-opacity":"","overlay-gradient":""},"tablet":{"background-color":"","background-image":"","background-repeat":"repeat","background-position":"center center","background-size":"auto","background-attachment":"scroll","background-type":"","background-media":"","overlay-type":"","overlay-color":"","overlay-opacity":"","overlay-gradient":""},"mobile":{"background-color":"","background-image":"","background-repeat":"repeat","background-position":"center center","background-size":"auto","background-attachment":"scroll","background-type":"","background-media":"","overlay-type":"","overlay-color":"","overlay-opacity":"","overlay-gradient":""}},"ast-content-background-meta":{"desktop":{"background-color":"var(--ast-global-color-5)","background-image":"","background-repeat":"repeat","background-position":"center center","background-size":"auto","background-attachment":"scroll","background-type":"","background-media":"","overlay-type":"","overlay-color":"","overlay-opacity":"","overlay-gradient":""},"tablet":{"background-color":"var(--ast-global-color-5)","background-image":"","background-repeat":"repeat","background-position":"center center","background-size":"auto","background-attachment":"scroll","background-type":"","background-media":"","overlay-type":"","overlay-color":"","overlay-opacity":"","overlay-gradient":""},"mobile":{"background-color":"var(--ast-global-color-5)","background-image":"","background-repeat":"repeat","background-position":"center center","background-size":"auto","background-attachment":"scroll","background-type":"","background-media":"","overlay-type":"","overlay-color":"","overlay-opacity":"","overlay-gradient":""}}},"product_brand":[],"product_cat":[38],"product_tag":[],"class_list":{"0":"post-1887","1":"product","2":"type-product","3":"status-publish","4":"has-post-thumbnail","6":"product_cat-beauty","7":"desktop-align-left","8":"tablet-align-left","9":"mobile-align-left","11":"first","12":"instock","13":"product-type-external"},"yoast_head":"<!-- This site is optimized with the Yoast SEO plugin v24.7 - https:\/\/yoast.com\/wordpress\/plugins\/seo\/ -->\n<title>Feste Bodybutter Coconut &#060;<\/title>\n<meta name=\"robots\" content=\"index, follow, max-snippet:-1, max-image-preview:large, max-video-preview:-1\" \/>\n<link rel=\"canonical\" href=\"https:\/\/www.aloe-vera-produkte-kaufen.de\/gesundheit\/produkt\/feste-bodybutter-coconut-2\/\" \/>\n<meta property=\"og:locale\" content=\"de_DE\" \/>\n<meta property=\"og:type\" content=\"article\" \/>\n<meta property=\"og:title\" content=\"Feste Bodybutter Coconut &#060;\" \/>\n<meta property=\"og:description\" content=\"Produktdetails. 45g feste K\u00f6rperbutter. Naturkosmetik\u00a0Made in Germany. 100% plastikfrei, im biologisch abbaubaren Papier-Stick. perfekt f\u00fcr daheim und unterwegs. verfeinert mit wertvollen Bio-\u00d6len. Voll fett. Fettet aber nicht. Unsere K\u00f6rperbutter aus rein pflanzlichen und nachhaltig produzierten Inhaltsstoffen ist pickepackevoll mit n\u00e4hrenden \u00d6len und enth\u00e4lt wohlduftende Sheabutter. Sie verleiht deiner Haut eine angenehme Samtigkeit, spendet Feuchtigkeit und [&hellip;]\" \/>\n<meta property=\"og:url\" content=\"https:\/\/www.aloe-vera-produkte-kaufen.de\/gesundheit\/produkt\/feste-bodybutter-coconut-2\/\" \/>\n<meta property=\"article:modified_time\" content=\"2024-03-06T11:44:30+00:00\" \/>\n<meta property=\"og:image\" content=\"https:\/\/www.aloe-vera-produkte-kaufen.de\/gesundheit\/wp-content\/uploads\/2024\/03\/Bodybutter_Coconut_1.jpg\" \/>\n\t<meta property=\"og:image:width\" content=\"1200\" \/>\n\t<meta property=\"og:image:height\" content=\"1200\" \/>\n\t<meta property=\"og:image:type\" content=\"image\/jpeg\" \/>\n<meta name=\"twitter:card\" content=\"summary_large_image\" \/>\n<meta name=\"twitter:label1\" content=\"Gesch\u00e4tzte Lesezeit\" \/>\n\t<meta name=\"twitter:data1\" content=\"1\u00a0Minute\" \/>\n<script type=\"application\/ld+json\" class=\"yoast-schema-graph\">{\"@context\":\"https:\/\/schema.org\",\"@graph\":[{\"@type\":\"WebPage\",\"@id\":\"https:\/\/www.aloe-vera-produkte-kaufen.de\/gesundheit\/produkt\/feste-bodybutter-coconut-2\/\",\"url\":\"https:\/\/www.aloe-vera-produkte-kaufen.de\/gesundheit\/produkt\/feste-bodybutter-coconut-2\/\",\"name\":\"Feste Bodybutter Coconut &#060;\",\"isPartOf\":{\"@id\":\"https:\/\/www.aloe-vera-produkte-kaufen.de\/gesundheit\/#website\"},\"primaryImageOfPage\":{\"@id\":\"https:\/\/www.aloe-vera-produkte-kaufen.de\/gesundheit\/produkt\/feste-bodybutter-coconut-2\/#primaryimage\"},\"image\":{\"@id\":\"https:\/\/www.aloe-vera-produkte-kaufen.de\/gesundheit\/produkt\/feste-bodybutter-coconut-2\/#primaryimage\"},\"thumbnailUrl\":\"https:\/\/www.aloe-vera-produkte-kaufen.de\/gesundheit\/wp-content\/uploads\/2024\/03\/Bodybutter_Coconut_1.jpg\",\"datePublished\":\"2024-03-06T11:44:19+00:00\",\"dateModified\":\"2024-03-06T11:44:30+00:00\",\"breadcrumb\":{\"@id\":\"https:\/\/www.aloe-vera-produkte-kaufen.de\/gesundheit\/produkt\/feste-bodybutter-coconut-2\/#breadcrumb\"},\"inLanguage\":\"de\",\"potentialAction\":[{\"@type\":\"ReadAction\",\"target\":[\"https:\/\/www.aloe-vera-produkte-kaufen.de\/gesundheit\/produkt\/feste-bodybutter-coconut-2\/\"]}]},{\"@type\":\"ImageObject\",\"inLanguage\":\"de\",\"@id\":\"https:\/\/www.aloe-vera-produkte-kaufen.de\/gesundheit\/produkt\/feste-bodybutter-coconut-2\/#primaryimage\",\"url\":\"https:\/\/www.aloe-vera-produkte-kaufen.de\/gesundheit\/wp-content\/uploads\/2024\/03\/Bodybutter_Coconut_1.jpg\",\"contentUrl\":\"https:\/\/www.aloe-vera-produkte-kaufen.de\/gesundheit\/wp-content\/uploads\/2024\/03\/Bodybutter_Coconut_1.jpg\",\"width\":1200,\"height\":1200},{\"@type\":\"BreadcrumbList\",\"@id\":\"https:\/\/www.aloe-vera-produkte-kaufen.de\/gesundheit\/produkt\/feste-bodybutter-coconut-2\/#breadcrumb\",\"itemListElement\":[{\"@type\":\"ListItem\",\"position\":1,\"name\":\"Startseite\",\"item\":\"https:\/\/www.aloe-vera-produkte-kaufen.de\/gesundheit\/\"},{\"@type\":\"ListItem\",\"position\":2,\"name\":\"Shop\",\"item\":\"https:\/\/www.aloe-vera-produkte-kaufen.de\/gesundheit\/shop-2\/\"},{\"@type\":\"ListItem\",\"position\":3,\"name\":\"Feste Bodybutter Coconut\"}]},{\"@type\":\"WebSite\",\"@id\":\"https:\/\/www.aloe-vera-produkte-kaufen.de\/gesundheit\/#website\",\"url\":\"https:\/\/www.aloe-vera-produkte-kaufen.de\/gesundheit\/\",\"name\":\"\",\"description\":\"\",\"potentialAction\":[{\"@type\":\"SearchAction\",\"target\":{\"@type\":\"EntryPoint\",\"urlTemplate\":\"https:\/\/www.aloe-vera-produkte-kaufen.de\/gesundheit\/?s={search_term_string}\"},\"query-input\":{\"@type\":\"PropertyValueSpecification\",\"valueRequired\":true,\"valueName\":\"search_term_string\"}}],\"inLanguage\":\"de\"}]}<\/script>\n<!-- \/ Yoast SEO plugin. -->","yoast_head_json":{"title":"Feste Bodybutter Coconut &#060;","robots":{"index":"index","follow":"follow","max-snippet":"max-snippet:-1","max-image-preview":"max-image-preview:large","max-video-preview":"max-video-preview:-1"},"canonical":"https:\/\/www.aloe-vera-produkte-kaufen.de\/gesundheit\/produkt\/feste-bodybutter-coconut-2\/","og_locale":"de_DE","og_type":"article","og_title":"Feste Bodybutter Coconut &#060;","og_description":"Produktdetails. 45g feste K\u00f6rperbutter. Naturkosmetik\u00a0Made in Germany. 100% plastikfrei, im biologisch abbaubaren Papier-Stick. perfekt f\u00fcr daheim und unterwegs. verfeinert mit wertvollen Bio-\u00d6len. Voll fett. Fettet aber nicht. Unsere K\u00f6rperbutter aus rein pflanzlichen und nachhaltig produzierten Inhaltsstoffen ist pickepackevoll mit n\u00e4hrenden \u00d6len und enth\u00e4lt wohlduftende Sheabutter. Sie verleiht deiner Haut eine angenehme Samtigkeit, spendet Feuchtigkeit und [&hellip;]","og_url":"https:\/\/www.aloe-vera-produkte-kaufen.de\/gesundheit\/produkt\/feste-bodybutter-coconut-2\/","article_modified_time":"2024-03-06T11:44:30+00:00","og_image":[{"width":1200,"height":1200,"url":"https:\/\/www.aloe-vera-produkte-kaufen.de\/gesundheit\/wp-content\/uploads\/2024\/03\/Bodybutter_Coconut_1.jpg","type":"image\/jpeg"}],"twitter_card":"summary_large_image","twitter_misc":{"Gesch\u00e4tzte Lesezeit":"1\u00a0Minute"},"schema":{"@context":"https:\/\/schema.org","@graph":[{"@type":"WebPage","@id":"https:\/\/www.aloe-vera-produkte-kaufen.de\/gesundheit\/produkt\/feste-bodybutter-coconut-2\/","url":"https:\/\/www.aloe-vera-produkte-kaufen.de\/gesundheit\/produkt\/feste-bodybutter-coconut-2\/","name":"Feste Bodybutter Coconut &#060;","isPartOf":{"@id":"https:\/\/www.aloe-vera-produkte-kaufen.de\/gesundheit\/#website"},"primaryImageOfPage":{"@id":"https:\/\/www.aloe-vera-produkte-kaufen.de\/gesundheit\/produkt\/feste-bodybutter-coconut-2\/#primaryimage"},"image":{"@id":"https:\/\/www.aloe-vera-produkte-kaufen.de\/gesundheit\/produkt\/feste-bodybutter-coconut-2\/#primaryimage"},"thumbnailUrl":"https:\/\/www.aloe-vera-produkte-kaufen.de\/gesundheit\/wp-content\/uploads\/2024\/03\/Bodybutter_Coconut_1.jpg","datePublished":"2024-03-06T11:44:19+00:00","dateModified":"2024-03-06T11:44:30+00:00","breadcrumb":{"@id":"https:\/\/www.aloe-vera-produkte-kaufen.de\/gesundheit\/produkt\/feste-bodybutter-coconut-2\/#breadcrumb"},"inLanguage":"de","potentialAction":[{"@type":"ReadAction","target":["https:\/\/www.aloe-vera-produkte-kaufen.de\/gesundheit\/produkt\/feste-bodybutter-coconut-2\/"]}]},{"@type":"ImageObject","inLanguage":"de","@id":"https:\/\/www.aloe-vera-produkte-kaufen.de\/gesundheit\/produkt\/feste-bodybutter-coconut-2\/#primaryimage","url":"https:\/\/www.aloe-vera-produkte-kaufen.de\/gesundheit\/wp-content\/uploads\/2024\/03\/Bodybutter_Coconut_1.jpg","contentUrl":"https:\/\/www.aloe-vera-produkte-kaufen.de\/gesundheit\/wp-content\/uploads\/2024\/03\/Bodybutter_Coconut_1.jpg","width":1200,"height":1200},{"@type":"BreadcrumbList","@id":"https:\/\/www.aloe-vera-produkte-kaufen.de\/gesundheit\/produkt\/feste-bodybutter-coconut-2\/#breadcrumb","itemListElement":[{"@type":"ListItem","position":1,"name":"Startseite","item":"https:\/\/www.aloe-vera-produkte-kaufen.de\/gesundheit\/"},{"@type":"ListItem","position":2,"name":"Shop","item":"https:\/\/www.aloe-vera-produkte-kaufen.de\/gesundheit\/shop-2\/"},{"@type":"ListItem","position":3,"name":"Feste Bodybutter Coconut"}]},{"@type":"WebSite","@id":"https:\/\/www.aloe-vera-produkte-kaufen.de\/gesundheit\/#website","url":"https:\/\/www.aloe-vera-produkte-kaufen.de\/gesundheit\/","name":"","description":"","potentialAction":[{"@type":"SearchAction","target":{"@type":"EntryPoint","urlTemplate":"https:\/\/www.aloe-vera-produkte-kaufen.de\/gesundheit\/?s={search_term_string}"},"query-input":{"@type":"PropertyValueSpecification","valueRequired":true,"valueName":"search_term_string"}}],"inLanguage":"de"}]}},"_links":{"self":[{"href":"https:\/\/www.aloe-vera-produkte-kaufen.de\/gesundheit\/wp-json\/wp\/v2\/product\/1887","targetHints":{"allow":["GET"]}}],"collection":[{"href":"https:\/\/www.aloe-vera-produkte-kaufen.de\/gesundheit\/wp-json\/wp\/v2\/product"}],"about":[{"href":"https:\/\/www.aloe-vera-produkte-kaufen.de\/gesundheit\/wp-json\/wp\/v2\/types\/product"}],"replies":[{"embeddable":true,"href":"https:\/\/www.aloe-vera-produkte-kaufen.de\/gesundheit\/wp-json\/wp\/v2\/comments?post=1887"}],"wp:featuredmedia":[{"embeddable":true,"href":"https:\/\/www.aloe-vera-produkte-kaufen.de\/gesundheit\/wp-json\/wp\/v2\/media\/2305"}],"wp:attachment":[{"href":"https:\/\/www.aloe-vera-produkte-kaufen.de\/gesundheit\/wp-json\/wp\/v2\/media?parent=1887"}],"wp:term":[{"taxonomy":"product_brand","embeddable":true,"href":"https:\/\/www.aloe-vera-produkte-kaufen.de\/gesundheit\/wp-json\/wp\/v2\/product_brand?post=1887"},{"taxonomy":"product_cat","embeddable":true,"href":"https:\/\/www.aloe-vera-produkte-kaufen.de\/gesundheit\/wp-json\/wp\/v2\/product_cat?post=1887"},{"taxonomy":"product_tag","embeddable":true,"href":"https:\/\/www.aloe-vera-produkte-kaufen.de\/gesundheit\/wp-json\/wp\/v2\/product_tag?post=1887"}],"curies":[{"name":"wp","href":"https:\/\/api.w.org\/{rel}","templated":true}]}}